{"id":285,"date":"2020-10-06T10:43:33","date_gmt":"2020-10-06T10:43:33","guid":{"rendered":"https:\/\/www.almtoolbox.com\/fr\/blog\/?page_id=285"},"modified":"2020-10-11T12:48:13","modified_gmt":"2020-10-11T12:48:13","slug":"lp-hashicorp-vault-prix","status":"publish","type":"page","link":"https:\/\/www.almtoolbox.com\/fr\/blog\/lp-hashicorp-vault-prix\/","title":{"rendered":"Tarifs HashiCorp Vault"},"content":{"rendered":"<p><a name=\"top\"><\/a><br \/>\n<img loading=\"lazy\" decoding=\"async\" class=\"alignright wp-image-294 \" src=\"https:\/\/www.almtoolbox.com\/fr\/blog\/wp-content\/uploads\/2020\/10\/hashicorp-vault-logo-1.jpg\" alt=\"hashicorp vault logo\" width=\"444\" height=\"150\" srcset=\"https:\/\/www.almtoolbox.com\/fr\/blog\/wp-content\/uploads\/2020\/10\/hashicorp-vault-logo-1.jpg 745w, https:\/\/www.almtoolbox.com\/fr\/blog\/wp-content\/uploads\/2020\/10\/hashicorp-vault-logo-1-300x101.jpg 300w\" sizes=\"auto, (max-width: 444px) 100vw, 444px\" \/>Vault est un outil qui g\u00e8re, stocke et prot\u00e8ge les informations sensibles d&#8217;une mani\u00e8re qui r\u00e9duit la propagation des secrets et d&#8217;une mani\u00e8re qui permet aux grandes organisations de les exploiter confortablement et ce \u00e9galement pour de grandes quantit\u00e9s d&#8217;informations.<\/p>\n<h4>Pour un prix :<br \/>\n<strong><em>laissez vos coordonees ou contactez nous 01 84 17 53 28<\/em><\/strong><\/h4>\n\n<div class=\"wpcf7 no-js\" id=\"wpcf7-f288-o1\" lang=\"en-US\" dir=\"ltr\" data-wpcf7-id=\"288\">\n<div class=\"screen-reader-response\"><p role=\"status\" aria-live=\"polite\" aria-atomic=\"true\"><\/p> <ul><\/ul><\/div>\n<form action=\"\/fr\/blog\/wp-json\/wp\/v2\/pages\/285#wpcf7-f288-o1\" method=\"post\" class=\"wpcf7-form init\" aria-label=\"Contact form\" novalidate=\"novalidate\" data-status=\"init\">\n<fieldset class=\"hidden-fields-container\"><input type=\"hidden\" name=\"_wpcf7\" value=\"288\" \/><input type=\"hidden\" name=\"_wpcf7_version\" value=\"6.1.4\" \/><input type=\"hidden\" name=\"_wpcf7_locale\" value=\"en_US\" \/><input type=\"hidden\" name=\"_wpcf7_unit_tag\" value=\"wpcf7-f288-o1\" \/><input type=\"hidden\" name=\"_wpcf7_container_post\" value=\"0\" \/><input type=\"hidden\" name=\"_wpcf7_posted_data_hash\" value=\"\" \/><input type=\"hidden\" name=\"_wpcf7_recaptcha_response\" value=\"\" \/>\n<\/fieldset>\n<div class=\"gitlab-form\">\n\t<p>* Nom Pr\u00e9nom:\n\t<\/p>\n\t<p><span class=\"wpcf7-form-control-wrap\" data-name=\"your-name\"><input size=\"40\" maxlength=\"400\" class=\"wpcf7-form-control wpcf7-text wpcf7-validates-as-required\" aria-required=\"true\" aria-invalid=\"false\" value=\"\" type=\"text\" name=\"your-name\" \/><\/span>\n\t<\/p>\n\t<p>* Email:\n\t<\/p>\n\t<p><span class=\"wpcf7-form-control-wrap\" data-name=\"your-email\"><input size=\"40\" maxlength=\"400\" class=\"wpcf7-form-control wpcf7-email wpcf7-validates-as-required wpcf7-text wpcf7-validates-as-email\" aria-required=\"true\" aria-invalid=\"false\" value=\"\" type=\"email\" name=\"your-email\" \/><\/span>\n\t<\/p>\n\t<p>* Soci\u00e9t\u00e9:\n\t<\/p>\n\t<p><span class=\"wpcf7-form-control-wrap\" data-name=\"your-company\"><input size=\"40\" maxlength=\"400\" class=\"wpcf7-form-control wpcf7-text wpcf7-validates-as-required\" aria-required=\"true\" aria-invalid=\"false\" value=\"\" type=\"text\" name=\"your-company\" \/><\/span>\n\t<\/p>\n\n\t<p><span class=\"wpcf7-form-control-wrap\" data-name=\"referer-page\"><input size=\"40\" maxlength=\"400\" class=\"wpcf7-form-control wpcf7-text referer-page\" aria-invalid=\"false\" value=\"\" type=\"text\" name=\"referer-page\" \/><\/span>\n\t<\/p>\n\t<p><input class=\"wpcf7-form-control wpcf7-submit has-spinner\" type=\"submit\" value=\"Send\" \/>\n\t<\/p>\n<\/div><div class=\"wpcf7-form-control-wrap maspik-field\">\n                <label for=\"full-name-maspik-hp\" class=\"wpcf7-form-control-label\">Leave this field empty<\/label>\n                <input size=\"1\" type=\"text\" autocomplete=\"off\" aria-hidden=\"true\" tabindex=\"-1\" name=\"full-name-maspik-hp\" id=\"full-name-maspik-hp\" class=\"wpcf7-form-control wpcf7-text\" placeholder=\"Leave this field empty\">\n            <\/div><div class=\"wpcf7-response-output\" aria-hidden=\"true\"><\/div>\n<\/form>\n<\/div>\n\n<p>Vault offre les fonctionnalit\u00e9s suivantes:<\/p>\n<ul>\n<li style=\"list-style-type: none;\">\n<ul>\n<li>Prot\u00e9ger l&#8217;acc\u00e8s aux jetons, mots de passe, certificats, cl\u00e9s de chiffrement<\/li>\n<li>S\u00e9curisation des secrets (y compris les secrets dynamiques cr\u00e9\u00e9s \u00e0 la demande et disponibles pendant une courte p\u00e9riode)<\/li>\n<li>Protection et stockage des informations sensibles<\/li>\n<li>Interface utilisateur graphique<\/li>\n<li>Interface CLI (\u00e9galement \u00e0 des fins d&#8217;automatisation)<\/li>\n<li>API riche bas\u00e9 sur HTTP et REST<\/li>\n<li>et plus<\/li>\n<\/ul>\n<p><a href=\"#top\">Back<\/a><\/li>\n<\/ul>\n","protected":false},"excerpt":{"rendered":"<p>Vault est un outil qui g\u00e8re, stocke et prot\u00e8ge les informations sensibles d&#8217;une mani\u00e8re qui r\u00e9duit la propagation des secrets et d&#8217;une mani\u00e8re qui permet aux grandes organisations de les exploiter confortablement et ce \u00e9galement pour de grandes quantit\u00e9s d&#8217;informations. Pour un prix : laissez vos coordonees ou contactez nous 01 84 17 53 28&hellip; <a class=\"more-link\" href=\"https:\/\/www.almtoolbox.com\/fr\/blog\/lp-hashicorp-vault-prix\/\">Continue reading <span class=\"screen-reader-text\">Tarifs HashiCorp Vault<\/span> <span class=\"meta-nav\" aria-hidden=\"true\">&rarr;<\/span><\/a><\/p>\n","protected":false},"author":1,"featured_media":287,"parent":0,"menu_order":0,"comment_status":"closed","ping_status":"closed","template":"fullwidth-page.php","meta":{"footnotes":""},"class_list":["post-285","page","type-page","status-publish","has-post-thumbnail","hentry"],"_links":{"self":[{"href":"https:\/\/www.almtoolbox.com\/fr\/blog\/wp-json\/wp\/v2\/pages\/285","targetHints":{"allow":["GET"]}}],"collection":[{"href":"https:\/\/www.almtoolbox.com\/fr\/blog\/wp-json\/wp\/v2\/pages"}],"about":[{"href":"https:\/\/www.almtoolbox.com\/fr\/blog\/wp-json\/wp\/v2\/types\/page"}],"author":[{"embeddable":true,"href":"https:\/\/www.almtoolbox.com\/fr\/blog\/wp-json\/wp\/v2\/users\/1"}],"replies":[{"embeddable":true,"href":"https:\/\/www.almtoolbox.com\/fr\/blog\/wp-json\/wp\/v2\/comments?post=285"}],"version-history":[{"count":10,"href":"https:\/\/www.almtoolbox.com\/fr\/blog\/wp-json\/wp\/v2\/pages\/285\/revisions"}],"predecessor-version":[{"id":339,"href":"https:\/\/www.almtoolbox.com\/fr\/blog\/wp-json\/wp\/v2\/pages\/285\/revisions\/339"}],"wp:featuredmedia":[{"embeddable":true,"href":"https:\/\/www.almtoolbox.com\/fr\/blog\/wp-json\/wp\/v2\/media\/287"}],"wp:attachment":[{"href":"https:\/\/www.almtoolbox.com\/fr\/blog\/wp-json\/wp\/v2\/media?parent=285"}],"curies":[{"name":"wp","href":"https:\/\/api.w.org\/{rel}","templated":true}]}}