{"id":270,"date":"2020-10-02T12:46:37","date_gmt":"2020-10-02T12:46:37","guid":{"rendered":"https:\/\/www.almtoolbox.com\/fr\/blog\/?page_id=270"},"modified":"2020-10-04T18:37:20","modified_gmt":"2020-10-04T18:37:20","slug":"prix-hashicorp-vault-terraform-consul-nomad","status":"publish","type":"page","link":"https:\/\/www.almtoolbox.com\/fr\/blog\/prix-hashicorp-vault-terraform-consul-nomad\/","title":{"rendered":"Nouvelle politique de  prix pour les produits  HashiCorp"},"content":{"rendered":"<p>R\u00e9cemment, HashiCorp \u00a0a inform\u00e9s d&#8217;une nouvelle m\u00e9thode de tarification \u2013 nous avons rassembl\u00e9 ici \u00a0toutes les informations importantes ici et ajout\u00e9 nos propres explications.<\/p>\n<p>Comme on le sait, Hashicorp \u00a0travaille avec la m\u00e9thode &#8220;Open Core&#8221; dans laquelle la base de chaque produit est gratuite et open source et au-dessus de la couche gratuite, il existe une option pour les versions Enterprise qui incluent des fonctionnalit\u00e9s suppl\u00e9mentaires ainsi que \u00a0le support du fabricant.<\/p>\n<p>Selon la soci\u00e9t\u00e9 la nouvelle m\u00e9thode est con\u00e7ue pour simplifier les co\u00fbts et faciliter le processus d&#8217;acquisition.<\/p>\n<p>La question \u00e9vidente est de savoir si les prix des produits ont \u00e9t\u00e9 r\u00e9duits ? Nous avons test\u00e9 et cela d\u00e9pend de l&#8217;utilisation et de la r\u00e9partition du produit : \u00e0 partir d&#8217;un test initial, nous avons vu qu&#8217;il y avait des situations o\u00f9 le nouveau de prix \u00e9tait d\u00e9sormais moins cher.<\/p>\n<p>Voici des explications sur la nouvelle m\u00e9thode :<\/p>\n<p>(Et si vous avez des questions, vous pouvez toujours nous contacter : hashicorp.fr@almtoolbox.com ou par t\u00e9l\u00e9phone 01 84 17 53 28)<\/p>\n<h3>L\u00e9gende:<\/h3>\n<ol>\n<li><a href=\"#vault\">Vault Enterprise<\/a><\/li>\n<li><a href=\"#tfe\">Terraform Enterprise<\/a><\/li>\n<li><a href=\"#consul\">Consul Enterprise<\/a><\/li>\n<li><a href=\"#nomad\">Nomad Enterprise<\/a><\/li>\n<\/ol>\n<h2 id=\"vault\">Vault Enterprise<\/h2>\n<p>La nouvelle division est en fonction des packages, qui sont d\u00e9termin\u00e9s par le nombre de clients et \u00e9galement selon les modules demand\u00e9s.<\/p>\n<h3>Les modules \u00a0:<\/h3>\n<p><img loading=\"lazy\" decoding=\"async\" class=\"aligncenter wp-image-4910 size-full\" src=\"https:\/\/www.almtoolbox.com\/blog_he\/wp-content\/uploads\/2019\/06\/admin-ajax.png\" alt=\"hashicorp vault clients\" width=\"232\" height=\"302\" \/><\/p>\n<h3>Clients :<\/h3>\n<p><strong>Un client<\/strong> est d\u00e9fini comme le propri\u00e9taire, le contr\u00f4leur ou le d\u00e9tenteur d&#8217;un jeton Vault actif individuel, y compris, sans limitation, les applications, les services, l&#8217;infrastructure et les utilisateurs. Un jeton Vault actif est d\u00e9fini comme un jeton \u00e9mis par Vault qui n&#8217;a pas expir\u00e9 et est utilis\u00e9 pour effectuer des op\u00e9rations Vault authentifi\u00e9es et autoris\u00e9es. Par cons\u00e9quent, le nombre total de clients \u00e0 un moment donn\u00e9 correspond \u00e0 la somme des jetons Vault actifs uniques.<\/p>\n<h3>Modules:<\/h3>\n<p>Le fabricant a divis\u00e9 les capacit\u00e9s du produit Enterprise en 4 modules, le premier module \u00e9tant la base (et doit \u00eatre pris), et les 3 autres \u00e9tant optionnels:<\/p>\n<ol dir=\"ltr\" style=\"text-align: left;\">\n<li>Platform:\n<ul>\n<li>Disaster Recovery<\/li>\n<li>Namespaces<\/li>\n<\/ul>\n<\/li>\n<li>Multi DataCenter &amp; Scale (optional):\n<ul>\n<li>Performance Replication<\/li>\n<li>Mount Filters<\/li>\n<li>Read Replicas<\/li>\n<\/ul>\n<\/li>\n<li>Governance &amp; Policy (optional):\n<ul>\n<li>Sentinel<\/li>\n<li>HSM integration<\/li>\n<li>MFA<\/li>\n<li>Control Groups<\/li>\n<li>Seal Wrap (FIPS 140-2)<\/li>\n<\/ul>\n<\/li>\n<li>Advanced Data Protection (optional):\n<ul dir=\"ltr\" style=\"text-align: left;\">\n<li>KMIP<\/li>\n<li>Transform<\/li>\n<\/ul>\n<\/li>\n<\/ol>\n<p>Nous pouvons vous fournir un fichier que nous avons construit, qui contient la liste de toutes les fonctionnalit\u00e9s, divis\u00e9e par modules:<\/p>\n<p><a href=\"https:\/\/www.almtoolbox.com\/blog_he\/wp-content\/uploads\/2020\/10\/vault-features-list-excel.jpg\"><img loading=\"lazy\" decoding=\"async\" class=\"border fancybox aligncenter wp-image-5625\" src=\"https:\/\/www.almtoolbox.com\/blog_he\/wp-content\/uploads\/2020\/10\/vault-features-list-excel.jpg\" alt=\"vault features by modules excel\" width=\"660\" height=\"325\" \/><\/a><\/p>\n<p>Vous pouvez nous contacter par email <a href=\"mailto:hashicorp.fr@almtoolbox.com\" target=\"_blank\" rel=\"noopener noreferrer\">hashicorp.fr@almtoolbox.com<\/a><\/p>\n<h3>Plus d&#8217;informations sur les prix de Vault Enterprise:<\/h3>\n<ul>\n<li>Les prix d\u00e9pendent \u00e9galement de la forme de support et du SLA demand\u00e9: il existe une option pour le support &#8220;Silver&#8221; 5 jours par semaine (du lundi au vendredi)\u00a0\u00a0 9 heures par\u00a0 jour, et il y a un support &#8220;Gold&#8221; assur\u00e9 24h \/ 24 et 7j \/ 7.<\/li>\n<li>Prix \u200b\u200b pour une m\u00eame zone ou dans le m\u00eame datacenter.<\/li>\n<li>Les prix incluent un cluster de production et un cluster DR (qui peuvent \u00eatre situ\u00e9s dans une autre zone ou dans un autre datacenter)<\/li>\n<li>Nous ne sommes malheureusement pas autoris\u00e9s \u00e0 publier les prix ici &#8211; vous pouvez nous contacter par email (hashicorp.fr@almtoolbox.com) ou par t\u00e9l\u00e9phone pour vous renseigner sur les prix.<\/li>\n<li>Cette m\u00e9thode remplace la tarification selon les versions Pro et Premium qui \u00e9taient habituelles jusqu&#8217;en 2019.<\/li>\n<li>Il existe \u00e9galement une option des services de notre part, en anglais et prochainement en anglais \u00a0&#8211; contactez-nous pour plus de d\u00e9tails<\/li>\n<\/ul>\n<h2 id=\"tfe\">Terraform Enterprise<\/h2>\n<p>Les modules \u00a0:<\/p>\n<p><a href=\"https:\/\/www.almtoolbox.com\/blog_he\/wp-content\/uploads\/2019\/06\/terraform-tiers.jpg\"><img loading=\"lazy\" decoding=\"async\" class=\"aligncenter size-full wp-image-4363\" src=\"https:\/\/www.almtoolbox.com\/blog_he\/wp-content\/uploads\/2019\/06\/terraform-tiers.jpg\" alt=\"\" width=\"170\" height=\"340\" \/><\/a><\/p>\n<p dir=\"ltr\"><strong>Workspaces:<\/strong><\/p>\n<p>Espaces de travail:<\/p>\n<p>Les espaces de travail sont d\u00e9finis comme l&#8217;unit\u00e9 dans Terraform Enterprise (TFE) qui organise l&#8217;infrastructure.<\/p>\n<p>Un espace de travail se compose de:<\/p>\n<p>&#8211; Une configuration Terraform (g\u00e9n\u00e9ralement r\u00e9cup\u00e9r\u00e9e \u00e0 partir d&#8217;un d\u00e9p\u00f4t VCS, mais parfois t\u00e9l\u00e9charg\u00e9e directement).<\/p>\n<p>&#8211; Valeurs des variables utilis\u00e9es par la configuration.<\/p>\n<p>&#8211; \u00c9tat stock\u00e9 persistant pour les ressources g\u00e9r\u00e9es par les configurations.<\/p>\n<p>&#8211; \u00c9tat historique et journaux d&#8217;ex\u00e9cution.<\/p>\n<h2 id=\"consul\">Consul Enterprise<\/h2>\n<p>Les modules\u00a0:<\/p>\n<p><a href=\"https:\/\/www.almtoolbox.com\/blog_he\/wp-content\/uploads\/2019\/06\/consul-packages.jpg\"><img loading=\"lazy\" decoding=\"async\" class=\"aligncenter size-full wp-image-4364\" src=\"https:\/\/www.almtoolbox.com\/blog_he\/wp-content\/uploads\/2019\/06\/consul-packages.jpg\" alt=\"\" width=\"423\" height=\"249\" \/><\/a><\/p>\n<p dir=\"ltr\">Clients \/ Nodes:<\/p>\n<p><strong>Un node<\/strong> est l&#8217;endroit o\u00f9 un agent Consul s&#8217;ex\u00e9cute. Un n\u0153ud peut \u00eatre un serveur physique, une machine virtuelle ou un n\u0153ud Kubernetes ex\u00e9cut\u00e9 sur site ou h\u00e9berg\u00e9 par un fournisseur de cloud. Chaque n\u0153ud fournit un ensemble de ressources CPU et RAM pour prendre en charge un ou plusieurs services qui s&#8217;ex\u00e9cutent dessus. Un agent Consul s&#8217;ex\u00e9cute sur un n\u0153ud pour g\u00e9rer les services sur ce n\u0153ud.<\/p>\n<p><strong>Services<\/strong>: un service est un \u00e9l\u00e9ment constitutif d&#8217;une application. Par exemple, une application classique \u00e0 trois niveaux aura trois services: un serveur Web, un serveur d&#8217;applications et une base de donn\u00e9es principale. Chaque service fournit une fonction unique et doit communiquer avec d&#8217;autres services sur le r\u00e9seau. Chaque service est enregistr\u00e9 aupr\u00e8s du consul. Un service peut \u00e9voluer avec plusieurs instances, mais il est toujours consid\u00e9r\u00e9 comme un service logique, et toutes les instances de ce service s&#8217;enregistreront aupr\u00e8s de Consul, en utilisant le m\u00eame nom de service.<\/p>\n<p>Vous pouvez nous contacter par email ou par t\u00e9l\u00e9phone (+33 1 84 17 53 28) ou par mail <a href=\"mailto:XXXX@almtoolbox.com\">hashicorp.fr@almtoolbox.com<\/a><\/p>\n<h2 id=\"nomad\">Nomad Enterprise<\/h2>\n<p>Le prix du produit est bas\u00e9 sur des packages, qui sont d\u00e9termin\u00e9s par le nombre de nodes ainsi que les modules demand\u00e9s<\/p>\n<h3>Les modules \u00a0:<\/h3>\n<p><img loading=\"lazy\" decoding=\"async\" class=\"aligncenter wp-image-5636\" src=\"https:\/\/www.almtoolbox.com\/blog_he\/wp-content\/uploads\/2020\/10\/nomad-packages.jpg\" alt=\"nomad enterprise packages\" width=\"315\" height=\"216\" \/><\/p>\n<h3>Node ?<\/h3>\n<p>TBD<\/p>\n<h3>Modules :<\/h3>\n<p>Le fabricant a divis\u00e9 les capacit\u00e9s du produit Enterprise en 3 modules, le premier module \u00e9tant la base (et doit \u00eatre pris), et les 2 autres \u00e9tant optionnels:<\/p>\n<ol dir=\"ltr\" style=\"text-align: left;\">\n<li>\u00a0Platform:\n<ul>\n<li>Automated Upgrades<\/li>\n<li>Redundancy Zones<\/li>\n<li>Multi-Vault Namespaces<\/li>\n<\/ul>\n<\/li>\n<li>Governance &amp; Policy (optional):\n<ul>\n<li>Namespaces<\/li>\n<li>Resource Quotas<\/li>\n<li>Cross-Namespace Queries<\/li>\n<li>Audit Logging<\/li>\n<li>Sentinel Policies<\/li>\n<\/ul>\n<\/li>\n<li>Multi Cluster &amp; Efficiency (optional):\n<ul>\n<li>Multi-Cluster Deployment<\/li>\n<\/ul>\n<\/li>\n<\/ol>\n<p>Vous pouvez obtenir de nous un fichier Excel d\u00e9taill\u00e9 que nous avons construit, qui contient la liste de toutes les fonctionnalit\u00e9s, divis\u00e9e par modules<\/p>\n<h3>Des questions ?<\/h3>\n<p>Vous pouvez nous contacter par email ou par t\u00e9l\u00e9phone (+33 1 84 17 53 28) ou par mail <a href=\"mailto:XXXX@almtoolbox.com\" target=\"_blank\" rel=\"noopener noreferrer\">hashicorp.fr@almtoolbox.com<\/a><\/p>\n<h3><strong>Liens utiles<\/strong><\/h3>\n<ul>\n<li><a href=\"https:\/\/www.almtoolbox.com\/fr\/hashicorp-vault\" target=\"_blank\" rel=\"noopener noreferrer\">Page Vault en francais<\/a><\/li>\n<li><a href=\"https:\/\/hashicorp.com\" target=\"_blank\" rel=\"noopener noreferrer\">Site Haschicorp<\/a><\/li>\n<\/ul>\n","protected":false},"excerpt":{"rendered":"<p>R\u00e9cemment, HashiCorp \u00a0a inform\u00e9s d&#8217;une nouvelle m\u00e9thode de tarification \u2013 nous avons rassembl\u00e9 ici \u00a0toutes les informations importantes ici et ajout\u00e9 nos propres explications. Comme on le sait, Hashicorp \u00a0travaille avec la m\u00e9thode &#8220;Open Core&#8221; dans laquelle la base de chaque produit est gratuite et open source et au-dessus de la couche gratuite, il existe&hellip; <a class=\"more-link\" href=\"https:\/\/www.almtoolbox.com\/fr\/blog\/prix-hashicorp-vault-terraform-consul-nomad\/\">Continue reading <span class=\"screen-reader-text\">Nouvelle politique de  prix pour les produits  HashiCorp<\/span> <span class=\"meta-nav\" aria-hidden=\"true\">&rarr;<\/span><\/a><\/p>\n","protected":false},"author":1,"featured_media":0,"parent":0,"menu_order":0,"comment_status":"closed","ping_status":"closed","template":"fullwidth-page.php","meta":{"footnotes":""},"class_list":["post-270","page","type-page","status-publish","hentry"],"_links":{"self":[{"href":"https:\/\/www.almtoolbox.com\/fr\/blog\/wp-json\/wp\/v2\/pages\/270","targetHints":{"allow":["GET"]}}],"collection":[{"href":"https:\/\/www.almtoolbox.com\/fr\/blog\/wp-json\/wp\/v2\/pages"}],"about":[{"href":"https:\/\/www.almtoolbox.com\/fr\/blog\/wp-json\/wp\/v2\/types\/page"}],"author":[{"embeddable":true,"href":"https:\/\/www.almtoolbox.com\/fr\/blog\/wp-json\/wp\/v2\/users\/1"}],"replies":[{"embeddable":true,"href":"https:\/\/www.almtoolbox.com\/fr\/blog\/wp-json\/wp\/v2\/comments?post=270"}],"version-history":[{"count":7,"href":"https:\/\/www.almtoolbox.com\/fr\/blog\/wp-json\/wp\/v2\/pages\/270\/revisions"}],"predecessor-version":[{"id":283,"href":"https:\/\/www.almtoolbox.com\/fr\/blog\/wp-json\/wp\/v2\/pages\/270\/revisions\/283"}],"wp:attachment":[{"href":"https:\/\/www.almtoolbox.com\/fr\/blog\/wp-json\/wp\/v2\/media?parent=270"}],"curies":[{"name":"wp","href":"https:\/\/api.w.org\/{rel}","templated":true}]}}