{"id":4363,"date":"2018-02-20T16:33:10","date_gmt":"2018-02-20T14:33:10","guid":{"rendered":"https:\/\/www.almtoolbox.com\/blog\/?page_id=4363"},"modified":"2018-02-20T16:34:28","modified_gmt":"2018-02-20T14:34:28","slug":"gitlab-pour-lentreprise-enregistrement-sous-titre-synopsis-sont-maintenant-disponibles","status":"publish","type":"page","link":"https:\/\/www.almtoolbox.com\/blog\/gitlab-pour-lentreprise-enregistrement-sous-titre-synopsis-sont-maintenant-disponibles\/","title":{"rendered":"GitLab pour l&#8217;entreprise: enregistrement + sous-titre + synopsis sont maintenant disponibles"},"content":{"rendered":"<p>L\u2019enregistrement du Webinar du 14\/2\/18 de GitLab, est maintenant disponible. Nous y avons ajout\u00e9 des sous-titres pour votre commodit\u00e9.<br \/>\nDurant ce Webinar, Victor Hernandez, architecte chez GitLab, montre comment toute une \u00e9quipe peut g\u00e9rer l&#8217;ensemble du processus gr\u00e2ce \u00e0 GitLab.<\/p>\n<p><strong>C&#8217;est le lieu de mentionner qu&#8217;\u00e0 la fin de f\u00e9vrier (dans moins de deux semaines) les prix des licences GitLab seront en hausse! En effet, les prix qui apparaissent sur le site du constructeur sont d\u00e9j\u00e0 les nouveaux prix, qui ont augment\u00e9 d&#8217;environ 20%. Vous pouvez toujours commander \u00e0 des prix inf\u00e9rieurs jusqu&#8217;\u00e0 la fin de f\u00e9vrier &#8211; il est donc important de se d\u00e9p\u00eacher. Un devis peut \u00eatre obtenu en cliquant ici. Plus de d\u00e9tails peuvent \u00eatre<\/strong><br \/>\n<strong> lus ici.<\/strong><\/p>\n<h2>Voici l\u2019enregistrement<\/h2>\n<p><iframe loading=\"lazy\" src=\"https:\/\/www.youtube-nocookie.com\/embed\/HHMLen6pk2I?rel=0&amp;showinfo=0\" width=\"700\" height=\"393.75\" frameborder=\"0\" allowfullscreen=\"allowfullscreen\"><\/iframe><\/p>\n<ul>\n<li>Si les sous-titres ne fonctionnent pas automatiquement, appuyez sur le bouton &#8220;CC&#8221; au bas de la vid\u00e9o<\/li>\n<li>Il est \u00e9galement recommand\u00e9 de voir la vid\u00e9o en qualit\u00e9 HD 720p (s\u00e9lection via le bouton de la molette en bas de la vid\u00e9o)<\/li>\n<\/ul>\n<h2>R\u00e9sum\u00e9<\/h2>\n<p>Ce Webinar a pr\u00e9sent\u00e9 comment GitLab int\u00e8gre la gestion de code, la gestion des t\u00e2ches, la \u00a0R\u00e9vision du code, test, CI \/ CD &#8211; tout ceci afin d&#8217;aider les \u00e9quipes de d\u00e9veloppement \u00e0 une qualit\u00e9 plus rapide et plus \u00e9lev\u00e9e. La d\u00e9mo comprenait un processus de d\u00e9veloppement de bout en bout ; l\u2019outil de r\u00e9vision de code ; enfin la d\u00e9monstration de surveillance CI \/ CD et syst\u00e8me &#8211; tout en un syst\u00e8me &#8211; GitLab.<\/p>\n<p>Les exemples ont \u00e9t\u00e9 pr\u00e9sent\u00e9s sur le d\u00e9veloppement du produit GitLab lui-m\u00eame &#8211; qui est connu pour \u00eatre open source, de sorte que le code, la t\u00e2che, le CI, etc. &#8211; sont tous ouverts.<\/p>\n<h4><strong>Points sur le contenu la vid\u00e9o <\/strong><\/h4>\n<p>Le point de d\u00e9part est de pr\u00e9senter un cycle de vie de d\u00e9veloppement typique et le d\u00e9fi commun dans de nombreux projets : relier de nombreux outils qui se traitent d\u2019un sujet particulier &#8211; et la solution dans laquelle GitLab est une alternative &#8211; comme un outil fourni par tous<\/p>\n<p>2 :38 &#8211; Affichage de gitlab.com &#8211; structure du projet et repo. Vous pouvez stocker des fichiers et des t\u00e2ches de toutes sortes : conception, d\u00e9veloppement, marketing, etc.<br \/>\n4 :20 \u2013 pr\u00e9sentation du r\u00e9f\u00e9rentiel GitLab Enterprise Edition<br \/>\nUne explication des \u00e9tiquettes, des jalons, des \u00e9pop\u00e9es qui aident \u00e0 d\u00e9velopper et \u00e0 suivre constamment les t\u00e2ches de d\u00e9veloppement<br \/>\n7 :20 \u2013 Voir Epic (existant dans Enterprise Ultimate) et comment il regroupe les probl\u00e8mes<br \/>\n8 :20 \u2013 Pr\u00e9sentations Milestones \u05d5- burn-down chart<\/p>\n<p>10:00\u2013 &#8211; D\u00e9mo d&#8217;application, avec ses fichiers CI \/ CD<br \/>\n12: &#8211; D\u00e9monstration de sous-t\u00e2ches et placement d&#8217;un d\u00e9veloppeur<br \/>\n14\u00a0:00 La forme de travail du point de vue de la personne de d\u00e9veloppement qui doit s&#8217;occuper de la t\u00e2che de d\u00e9veloppement<br \/>\n15:00 &#8211; D\u00e9monstration de l&#8217;ouverture de la demande de merge<br \/>\n16:30 \u00a0\u00a0d\u00e9mo de Review Apps \u00a0\u00a0(un outil pour essayer l&#8217;application comme si elle avait d\u00e9j\u00e0 \u00e9t\u00e9 fusionn\u00e9e dans la branche principale)<\/p>\n<p>18\u00a0:45 D\u00e9monstration de l&#8217;ex\u00e9cution du pipeline<br \/>\n42:00 &#8211; D\u00e9mo des Charts \u00a0dans la zone CI \/ CD<br \/>\n47:00 Vue d&#8217;ensemble des outils communs qui se connectent \u00e0 GitLab: JIRA, Jenkins \u2026<\/p>\n<p>47 :50 \u2013 Un examen des fonctionnalit\u00e9s incluses dans les versions Enterprise : s\u00e9curit\u00e9, socle et support<br \/>\n54 :00 \u2013 Vue d\u2019ensemble du Canary d\u00e9veloppement \/ d\u00e9ploiement<\/p>\n<p>&nbsp;<\/p>\n","protected":false},"excerpt":{"rendered":"<p>L\u2019enregistrement du Webinar du 14\/2\/18 de GitLab, est maintenant disponible. Nous y avons ajout\u00e9 des sous-titres pour votre commodit\u00e9. Durant ce Webinar, Victor Hernandez, architecte chez GitLab, montre comment toute une \u00e9quipe peut g\u00e9rer l&#8217;ensemble du processus gr\u00e2ce \u00e0 GitLab. C&#8217;est le lieu de mentionner qu&#8217;\u00e0 la fin de f\u00e9vrier (dans moins de deux semaines) [&hellip;]<\/p>\n","protected":false},"author":10,"featured_media":0,"parent":0,"menu_order":0,"comment_status":"closed","ping_status":"closed","template":"page-nosidebar.php","meta":{"footnotes":""},"tags":[167,189],"class_list":["post-4363","page","type-page","status-publish","hentry","tag-enterprise","tag-gitlab"],"yoast_head":"<!-- This site is optimized with the Yoast SEO plugin v26.7 - https:\/\/yoast.com\/wordpress\/plugins\/seo\/ -->\n<title>GitLab pour l&#039;entreprise: enregistrement + sous-titre + synopsis sont maintenant disponibles - ALMtoolbox News<\/title>\n<meta name=\"robots\" content=\"index, follow, max-snippet:-1, max-image-preview:large, max-video-preview:-1\" \/>\n<link rel=\"canonical\" href=\"https:\/\/www.almtoolbox.com\/blog\/gitlab-pour-lentreprise-enregistrement-sous-titre-synopsis-sont-maintenant-disponibles\/\" \/>\n<meta property=\"og:locale\" content=\"en_US\" \/>\n<meta property=\"og:type\" content=\"article\" \/>\n<meta property=\"og:title\" content=\"GitLab pour l&#039;entreprise: enregistrement + sous-titre + synopsis sont maintenant disponibles - ALMtoolbox News\" \/>\n<meta property=\"og:description\" content=\"L\u2019enregistrement du Webinar du 14\/2\/18 de GitLab, est maintenant disponible. Nous y avons ajout\u00e9 des sous-titres pour votre commodit\u00e9. Durant ce Webinar, Victor Hernandez, architecte chez GitLab, montre comment toute une \u00e9quipe peut g\u00e9rer l&#8217;ensemble du processus gr\u00e2ce \u00e0 GitLab. C&#8217;est le lieu de mentionner qu&#8217;\u00e0 la fin de f\u00e9vrier (dans moins de deux semaines) [&hellip;]\" \/>\n<meta property=\"og:url\" content=\"https:\/\/www.almtoolbox.com\/blog\/gitlab-pour-lentreprise-enregistrement-sous-titre-synopsis-sont-maintenant-disponibles\/\" \/>\n<meta property=\"og:site_name\" content=\"ALMtoolbox News\" \/>\n<meta property=\"article:publisher\" content=\"https:\/\/www.facebook.com\/almtoolbox.israel\/\" \/>\n<meta property=\"article:modified_time\" content=\"2018-02-20T14:34:28+00:00\" \/>\n<meta name=\"twitter:card\" content=\"summary_large_image\" \/>\n<meta name=\"twitter:label1\" content=\"Est. reading time\" \/>\n\t<meta name=\"twitter:data1\" content=\"3 minutes\" \/>\n<script type=\"application\/ld+json\" class=\"yoast-schema-graph\">{\"@context\":\"https:\/\/schema.org\",\"@graph\":[{\"@type\":\"WebPage\",\"@id\":\"https:\/\/www.almtoolbox.com\/blog\/gitlab-pour-lentreprise-enregistrement-sous-titre-synopsis-sont-maintenant-disponibles\/\",\"url\":\"https:\/\/www.almtoolbox.com\/blog\/gitlab-pour-lentreprise-enregistrement-sous-titre-synopsis-sont-maintenant-disponibles\/\",\"name\":\"GitLab pour l'entreprise: enregistrement + sous-titre + synopsis sont maintenant disponibles - ALMtoolbox News\",\"isPartOf\":{\"@id\":\"https:\/\/www.almtoolbox.com\/blog\/#website\"},\"datePublished\":\"2018-02-20T14:33:10+00:00\",\"dateModified\":\"2018-02-20T14:34:28+00:00\",\"breadcrumb\":{\"@id\":\"https:\/\/www.almtoolbox.com\/blog\/gitlab-pour-lentreprise-enregistrement-sous-titre-synopsis-sont-maintenant-disponibles\/#breadcrumb\"},\"inLanguage\":\"en-US\",\"potentialAction\":[{\"@type\":\"ReadAction\",\"target\":[\"https:\/\/www.almtoolbox.com\/blog\/gitlab-pour-lentreprise-enregistrement-sous-titre-synopsis-sont-maintenant-disponibles\/\"]}]},{\"@type\":\"BreadcrumbList\",\"@id\":\"https:\/\/www.almtoolbox.com\/blog\/gitlab-pour-lentreprise-enregistrement-sous-titre-synopsis-sont-maintenant-disponibles\/#breadcrumb\",\"itemListElement\":[{\"@type\":\"ListItem\",\"position\":1,\"name\":\"Home\",\"item\":\"https:\/\/www.almtoolbox.com\/blog\/\"},{\"@type\":\"ListItem\",\"position\":2,\"name\":\"GitLab pour l&#8217;entreprise: enregistrement + sous-titre + synopsis sont maintenant disponibles\"}]},{\"@type\":\"WebSite\",\"@id\":\"https:\/\/www.almtoolbox.com\/blog\/#website\",\"url\":\"https:\/\/www.almtoolbox.com\/blog\/\",\"name\":\"ALMtoolbox News\",\"description\":\"All the news of ALMtoolbox\",\"publisher\":{\"@id\":\"https:\/\/www.almtoolbox.com\/blog\/#organization\"},\"potentialAction\":[{\"@type\":\"SearchAction\",\"target\":{\"@type\":\"EntryPoint\",\"urlTemplate\":\"https:\/\/www.almtoolbox.com\/blog\/?s={search_term_string}\"},\"query-input\":{\"@type\":\"PropertyValueSpecification\",\"valueRequired\":true,\"valueName\":\"search_term_string\"}}],\"inLanguage\":\"en-US\"},{\"@type\":\"Organization\",\"@id\":\"https:\/\/www.almtoolbox.com\/blog\/#organization\",\"name\":\"ALMtoolbox\",\"url\":\"https:\/\/www.almtoolbox.com\/blog\/\",\"logo\":{\"@type\":\"ImageObject\",\"inLanguage\":\"en-US\",\"@id\":\"https:\/\/www.almtoolbox.com\/blog\/#\/schema\/logo\/image\/\",\"url\":\"https:\/\/www.almtoolbox.com\/blog\/wp-content\/uploads\/\/2015\/10\/logo.png\",\"contentUrl\":\"https:\/\/www.almtoolbox.com\/blog\/wp-content\/uploads\/\/2015\/10\/logo.png\",\"width\":410,\"height\":190,\"caption\":\"ALMtoolbox\"},\"image\":{\"@id\":\"https:\/\/www.almtoolbox.com\/blog\/#\/schema\/logo\/image\/\"},\"sameAs\":[\"https:\/\/www.facebook.com\/almtoolbox.israel\/\",\"https:\/\/www.linkedin.com\/company\/almtoolbox\/\",\"https:\/\/www.youtube.com\/user\/GoMidjets\"]}]}<\/script>\n<!-- \/ Yoast SEO plugin. -->","yoast_head_json":{"title":"GitLab pour l'entreprise: enregistrement + sous-titre + synopsis sont maintenant disponibles - ALMtoolbox News","robots":{"index":"index","follow":"follow","max-snippet":"max-snippet:-1","max-image-preview":"max-image-preview:large","max-video-preview":"max-video-preview:-1"},"canonical":"https:\/\/www.almtoolbox.com\/blog\/gitlab-pour-lentreprise-enregistrement-sous-titre-synopsis-sont-maintenant-disponibles\/","og_locale":"en_US","og_type":"article","og_title":"GitLab pour l'entreprise: enregistrement + sous-titre + synopsis sont maintenant disponibles - ALMtoolbox News","og_description":"L\u2019enregistrement du Webinar du 14\/2\/18 de GitLab, est maintenant disponible. Nous y avons ajout\u00e9 des sous-titres pour votre commodit\u00e9. Durant ce Webinar, Victor Hernandez, architecte chez GitLab, montre comment toute une \u00e9quipe peut g\u00e9rer l&#8217;ensemble du processus gr\u00e2ce \u00e0 GitLab. C&#8217;est le lieu de mentionner qu&#8217;\u00e0 la fin de f\u00e9vrier (dans moins de deux semaines) [&hellip;]","og_url":"https:\/\/www.almtoolbox.com\/blog\/gitlab-pour-lentreprise-enregistrement-sous-titre-synopsis-sont-maintenant-disponibles\/","og_site_name":"ALMtoolbox News","article_publisher":"https:\/\/www.facebook.com\/almtoolbox.israel\/","article_modified_time":"2018-02-20T14:34:28+00:00","twitter_card":"summary_large_image","twitter_misc":{"Est. reading time":"3 minutes"},"schema":{"@context":"https:\/\/schema.org","@graph":[{"@type":"WebPage","@id":"https:\/\/www.almtoolbox.com\/blog\/gitlab-pour-lentreprise-enregistrement-sous-titre-synopsis-sont-maintenant-disponibles\/","url":"https:\/\/www.almtoolbox.com\/blog\/gitlab-pour-lentreprise-enregistrement-sous-titre-synopsis-sont-maintenant-disponibles\/","name":"GitLab pour l'entreprise: enregistrement + sous-titre + synopsis sont maintenant disponibles - ALMtoolbox News","isPartOf":{"@id":"https:\/\/www.almtoolbox.com\/blog\/#website"},"datePublished":"2018-02-20T14:33:10+00:00","dateModified":"2018-02-20T14:34:28+00:00","breadcrumb":{"@id":"https:\/\/www.almtoolbox.com\/blog\/gitlab-pour-lentreprise-enregistrement-sous-titre-synopsis-sont-maintenant-disponibles\/#breadcrumb"},"inLanguage":"en-US","potentialAction":[{"@type":"ReadAction","target":["https:\/\/www.almtoolbox.com\/blog\/gitlab-pour-lentreprise-enregistrement-sous-titre-synopsis-sont-maintenant-disponibles\/"]}]},{"@type":"BreadcrumbList","@id":"https:\/\/www.almtoolbox.com\/blog\/gitlab-pour-lentreprise-enregistrement-sous-titre-synopsis-sont-maintenant-disponibles\/#breadcrumb","itemListElement":[{"@type":"ListItem","position":1,"name":"Home","item":"https:\/\/www.almtoolbox.com\/blog\/"},{"@type":"ListItem","position":2,"name":"GitLab pour l&#8217;entreprise: enregistrement + sous-titre + synopsis sont maintenant disponibles"}]},{"@type":"WebSite","@id":"https:\/\/www.almtoolbox.com\/blog\/#website","url":"https:\/\/www.almtoolbox.com\/blog\/","name":"ALMtoolbox News","description":"All the news of ALMtoolbox","publisher":{"@id":"https:\/\/www.almtoolbox.com\/blog\/#organization"},"potentialAction":[{"@type":"SearchAction","target":{"@type":"EntryPoint","urlTemplate":"https:\/\/www.almtoolbox.com\/blog\/?s={search_term_string}"},"query-input":{"@type":"PropertyValueSpecification","valueRequired":true,"valueName":"search_term_string"}}],"inLanguage":"en-US"},{"@type":"Organization","@id":"https:\/\/www.almtoolbox.com\/blog\/#organization","name":"ALMtoolbox","url":"https:\/\/www.almtoolbox.com\/blog\/","logo":{"@type":"ImageObject","inLanguage":"en-US","@id":"https:\/\/www.almtoolbox.com\/blog\/#\/schema\/logo\/image\/","url":"https:\/\/www.almtoolbox.com\/blog\/wp-content\/uploads\/\/2015\/10\/logo.png","contentUrl":"https:\/\/www.almtoolbox.com\/blog\/wp-content\/uploads\/\/2015\/10\/logo.png","width":410,"height":190,"caption":"ALMtoolbox"},"image":{"@id":"https:\/\/www.almtoolbox.com\/blog\/#\/schema\/logo\/image\/"},"sameAs":["https:\/\/www.facebook.com\/almtoolbox.israel\/","https:\/\/www.linkedin.com\/company\/almtoolbox\/","https:\/\/www.youtube.com\/user\/GoMidjets"]}]}},"_links":{"self":[{"href":"https:\/\/www.almtoolbox.com\/blog\/wp-json\/wp\/v2\/pages\/4363","targetHints":{"allow":["GET"]}}],"collection":[{"href":"https:\/\/www.almtoolbox.com\/blog\/wp-json\/wp\/v2\/pages"}],"about":[{"href":"https:\/\/www.almtoolbox.com\/blog\/wp-json\/wp\/v2\/types\/page"}],"author":[{"embeddable":true,"href":"https:\/\/www.almtoolbox.com\/blog\/wp-json\/wp\/v2\/users\/10"}],"replies":[{"embeddable":true,"href":"https:\/\/www.almtoolbox.com\/blog\/wp-json\/wp\/v2\/comments?post=4363"}],"version-history":[{"count":2,"href":"https:\/\/www.almtoolbox.com\/blog\/wp-json\/wp\/v2\/pages\/4363\/revisions"}],"predecessor-version":[{"id":4365,"href":"https:\/\/www.almtoolbox.com\/blog\/wp-json\/wp\/v2\/pages\/4363\/revisions\/4365"}],"wp:attachment":[{"href":"https:\/\/www.almtoolbox.com\/blog\/wp-json\/wp\/v2\/media?parent=4363"}],"wp:term":[{"taxonomy":"post_tag","embeddable":true,"href":"https:\/\/www.almtoolbox.com\/blog\/wp-json\/wp\/v2\/tags?post=4363"}],"curies":[{"name":"wp","href":"https:\/\/api.w.org\/{rel}","templated":true}]}}