{"id":4283,"date":"2018-02-05T18:30:30","date_gmt":"2018-02-05T16:30:30","guid":{"rendered":"https:\/\/www.almtoolbox.com\/blog\/?page_id=4283"},"modified":"2018-02-08T11:35:25","modified_gmt":"2018-02-08T09:35:25","slug":"gitlab-changement-de-prix-des-licenses","status":"publish","type":"page","link":"https:\/\/www.almtoolbox.com\/blog\/gitlab-changement-de-prix-des-licenses\/","title":{"rendered":"Changement de prix  des licenses GitLab"},"content":{"rendered":"<p><img loading=\"lazy\" decoding=\"async\" class=\"aligncenter wp-image-4304\" src=\"https:\/\/www.almtoolbox.com\/blog\/wp-content\/uploads\/\/2018\/02\/gitlab-logo-purple-1-1024x472.jpg\" alt=\"gitlab logo \" width=\"679\" height=\"313\" srcset=\"https:\/\/www.almtoolbox.com\/blog\/wp-content\/uploads\/2018\/02\/gitlab-logo-purple-1-1024x472.jpg 1024w, https:\/\/www.almtoolbox.com\/blog\/wp-content\/uploads\/2018\/02\/gitlab-logo-purple-1-150x69.jpg 150w, https:\/\/www.almtoolbox.com\/blog\/wp-content\/uploads\/2018\/02\/gitlab-logo-purple-1-300x138.jpg 300w, https:\/\/www.almtoolbox.com\/blog\/wp-content\/uploads\/2018\/02\/gitlab-logo-purple-1-768x354.jpg 768w, https:\/\/www.almtoolbox.com\/blog\/wp-content\/uploads\/2018\/02\/gitlab-logo-purple-1.jpg 1135w\" sizes=\"auto, (max-width: 679px) 100vw, 679px\" \/><\/p>\n<p><strong>GitLab,<\/strong> qui offre une solution compl\u00e9mentaire et populaire aux utilisateurs de Git et aux professionnels du logiciel, a annonc\u00e9 une augmentation prochaine des prix de licence pour les produits On-Premise (\u00e9galement connu sous le nom de \u00abSelf-hosted\u00bb):<\/p>\n<ul>\n<li>Enterprise Starter co\u00fbtera 48 $ par utilisateur et par an (actuellement 39 $)<\/li>\n<li>Premium, avec des fonctionnalit\u00e9s suppl\u00e9mentaires et un support 24X7, co\u00fbtera 228 $ (maintenant 199 $)<\/li>\n<li>La version Ultimate relativement nouvelle (avec des fonctionnalit\u00e9s suppl\u00e9mentaires &#8211; notamment l&#8217;analyse de code, la s\u00e9curit\u00e9 de code et la gestion de portefeuille) co\u00fbtera 1188 $ au lieu de 999 $. Cette version est toujours vendue \u00e0 un prix de lancement inf\u00e9rieur &#8211; pour plus de d\u00e9tails, contactez-nous (email ci-dessous).<\/li>\n<li>La version gratuite (Community Edition) restera gratuite et sera renomm\u00e9e GitLab Libre.<\/li>\n<\/ul>\n<p>Les prix des clouds publics (gitlab.com) sont inchang\u00e9s et il n&#8217;y a pas de changement dans la\u00a0 politique\u00a0 open source.<\/p>\n<h3>Vous avez l\u2019intention d&#8217;acheter des licences GitLab prochainement\u00a0?<\/h3>\n<p>Anticipez et\u00a0\u00a0 d\u00e9p\u00eachez-vous. En nous contactant vous pourrez commander tous les types de licences (y compris de type cloud) et b\u00e9n\u00e9ficier de conditions de paiement plus int\u00e9ressantes que l&#8217;achat sur site. Nous sommes en fait la seule entreprise en France\u00a0 (et dans d&#8217;autres pays) aupr\u00e8s de qui vous pouvez acqu\u00e9rir des licences GitLab.<\/p>\n<p>Pour plus de d\u00e9tails, devis, demandes de d\u00e9monstration et une licence d&#8217;essai &#8211; envoyez un courriel \u00e0 <a href=\"mailto:gitlab@almtoolbox.com\">gitlab@almtoolbox.com<\/a>\u00a0ou <a href=\"https:\/\/www.almtoolbox.com\/price_quote.php?p=gitlab\" target=\"_blank\" rel=\"noopener\">Obtenez un devis<\/a><\/p>\n<p>[chimpy_form forms=&#8221;4&#8243;]<br \/>\n&nbsp;<\/p>\n<h3>R\u00e9ponses aux questions fr\u00e9quemment pos\u00e9es<\/h3>\n<p><strong>Q : Pourquoi les prix augmentent-ils ?<\/strong><\/p>\n<p>R: GitLab a conclu que les prix actuels sont trop bas<\/p>\n<p><strong>Q: Combien de temps puis-je commander aux prix courants et <\/strong><strong>\u00e9viter la hausse des prix?<\/strong><\/p>\n<p>A: Les demandes de devis doivent \u00eatre avant le \u00a026\/2. Les commandes doivent etre faites avant \u00a015\/3.<\/p>\n<p><strong>Q: Puis-je acheter des pr<\/strong><strong>\u00e9-licences pour plusieurs \u00a0ann<\/strong><strong>\u00e9es au prix actuel?<\/strong><\/p>\n<p>R : Oui, d\u00e9finitivement &#8211; vous pouvez nous contacter par email (veuillez pr\u00e9ciser le nombre d&#8217;utilisateurs et le nombre d\u2019ann\u00e9es d\u00e9sir\u00e9)<\/p>\n<p><strong>Q : Si nous utilisons les licences de type cloud priv<\/strong><strong>\u00e9 GitLab, les prix vont-ils changer ?<\/strong><\/p>\n<p>A : Oui \u2013 car en fait vous utilisez des licences de type On -Premise.<\/p>\n<div class=\"\" style=\"border: 1px solid #eacd85; background: #ffeec5; padding: 1.1em 1.2em; border-radius: 4px;\">\n<p><strong>Notre soci\u00e9t\u00e9 ALMtoolbox est un revendeur agr\u00e9\u00e9 GitLab, pour l&#8217;Europe et Israel. <\/strong><br \/>\nNous avons des experts qui peuvent vous aider:<\/p>\n<ul>\n<li>Planifier une nouvelle impl\u00e9mentation<\/li>\n<li>Mettre en place de nouveaux environnements<\/li>\n<li>Vous aider \u00e0 choisir la bonne licence d&#8217;abonnement pour vous<\/li>\n<li>Impl\u00e9menter l&#8217;int\u00e9gration avec JIRA, Jenkins, Slack, Docker et d&#8217;autres outils<\/li>\n<li>Personnalisations et d\u00e9veloppement de modules compl\u00e9mentaires<\/li>\n<li>Formation GitLab et Git<\/li>\n<li>Impl\u00e9menter la migration \u00e0 partir de Git, GitHub, BitBucket, TFS, ClearCase, RTC, Subversion (SVN), JIRA, Jenkins et plus<\/li>\n<li>Services g\u00e9r\u00e9s<\/li>\n<\/ul>\n<p>Contactez-nous: <a href=\"mailto:gitlab@almtoolbox.com\">gitlab@almtoolbox.com<\/a> ou 01 84 17 53 28 (France) \/ +31 85 064 4633 (international) \/ 866-503-1471 (USA\/Canada)<\/p>\n<\/div>\n<p>&nbsp;<\/p>\n<h3>Liens utiles:<\/h3>\n<ul>\n<li><a href=\"https:\/\/www.almtoolbox.com\/blog\/webinar-meetup-presentation-de-gitlab\/\" target=\"_blank\" rel=\"noopener\">Pr\u00e9sentation de GitLab: Visionnez notre premier Webcast GitLab en fran\u00e7ais (vid\u00e9o + presentation)<\/a><\/li>\n<li><a href=\"http:\/\/gitlab.fr\" target=\"_blank\" rel=\"noopener\">Regardez un apercu de GitLab v10.2<\/a><\/li>\n<li><a href=\"https:\/\/www.almtoolbox.com\/blog\/gitlab-enterprise-edition\/\" target=\"_blank\" rel=\"noopener\">Regardez une d\u00e9monstration en direct de GitLab Enterprise Edition<\/a><\/li>\n<\/ul>\n<p>&nbsp;<\/p>\n","protected":false},"excerpt":{"rendered":"<p>GitLab, qui offre une solution compl\u00e9mentaire et populaire aux utilisateurs de Git et aux professionnels du logiciel, a annonc\u00e9 une augmentation prochaine des prix de licence pour les produits On-Premise (\u00e9galement connu sous le nom de \u00abSelf-hosted\u00bb): Enterprise Starter co\u00fbtera 48 $ par utilisateur et par an (actuellement 39 $) Premium, avec des fonctionnalit\u00e9s suppl\u00e9mentaires [&hellip;]<\/p>\n","protected":false},"author":10,"featured_media":0,"parent":0,"menu_order":0,"comment_status":"closed","ping_status":"closed","template":"","meta":{"footnotes":""},"tags":[],"class_list":["post-4283","page","type-page","status-publish","hentry"],"yoast_head":"<!-- This site is optimized with the Yoast SEO plugin v26.7 - https:\/\/yoast.com\/wordpress\/plugins\/seo\/ -->\n<title>Changement de prix des licenses GitLab - ALMtoolbox News<\/title>\n<meta name=\"robots\" content=\"index, follow, max-snippet:-1, max-image-preview:large, max-video-preview:-1\" \/>\n<link rel=\"canonical\" href=\"https:\/\/www.almtoolbox.com\/blog\/gitlab-changement-de-prix-des-licenses\/\" \/>\n<meta property=\"og:locale\" content=\"en_US\" \/>\n<meta property=\"og:type\" content=\"article\" \/>\n<meta property=\"og:title\" content=\"Changement de prix des licenses GitLab - ALMtoolbox News\" \/>\n<meta property=\"og:description\" content=\"GitLab, qui offre une solution compl\u00e9mentaire et populaire aux utilisateurs de Git et aux professionnels du logiciel, a annonc\u00e9 une augmentation prochaine des prix de licence pour les produits On-Premise (\u00e9galement connu sous le nom de \u00abSelf-hosted\u00bb): Enterprise Starter co\u00fbtera 48 $ par utilisateur et par an (actuellement 39 $) Premium, avec des fonctionnalit\u00e9s suppl\u00e9mentaires [&hellip;]\" \/>\n<meta property=\"og:url\" content=\"https:\/\/www.almtoolbox.com\/blog\/gitlab-changement-de-prix-des-licenses\/\" \/>\n<meta property=\"og:site_name\" content=\"ALMtoolbox News\" \/>\n<meta property=\"article:publisher\" content=\"https:\/\/www.facebook.com\/almtoolbox.israel\/\" \/>\n<meta property=\"article:modified_time\" content=\"2018-02-08T09:35:25+00:00\" \/>\n<meta property=\"og:image\" content=\"https:\/\/www.almtoolbox.com\/blog\/wp-content\/uploads\/\/2018\/02\/gitlab-logo-purple-1-1024x472.jpg\" \/>\n<meta name=\"twitter:card\" content=\"summary_large_image\" \/>\n<meta name=\"twitter:label1\" content=\"Est. reading time\" \/>\n\t<meta name=\"twitter:data1\" content=\"2 minutes\" \/>\n<script type=\"application\/ld+json\" class=\"yoast-schema-graph\">{\"@context\":\"https:\/\/schema.org\",\"@graph\":[{\"@type\":\"WebPage\",\"@id\":\"https:\/\/www.almtoolbox.com\/blog\/gitlab-changement-de-prix-des-licenses\/\",\"url\":\"https:\/\/www.almtoolbox.com\/blog\/gitlab-changement-de-prix-des-licenses\/\",\"name\":\"Changement de prix des licenses GitLab - ALMtoolbox News\",\"isPartOf\":{\"@id\":\"https:\/\/www.almtoolbox.com\/blog\/#website\"},\"primaryImageOfPage\":{\"@id\":\"https:\/\/www.almtoolbox.com\/blog\/gitlab-changement-de-prix-des-licenses\/#primaryimage\"},\"image\":{\"@id\":\"https:\/\/www.almtoolbox.com\/blog\/gitlab-changement-de-prix-des-licenses\/#primaryimage\"},\"thumbnailUrl\":\"https:\/\/www.almtoolbox.com\/blog\/wp-content\/uploads\/\/2018\/02\/gitlab-logo-purple-1-1024x472.jpg\",\"datePublished\":\"2018-02-05T16:30:30+00:00\",\"dateModified\":\"2018-02-08T09:35:25+00:00\",\"breadcrumb\":{\"@id\":\"https:\/\/www.almtoolbox.com\/blog\/gitlab-changement-de-prix-des-licenses\/#breadcrumb\"},\"inLanguage\":\"en-US\",\"potentialAction\":[{\"@type\":\"ReadAction\",\"target\":[\"https:\/\/www.almtoolbox.com\/blog\/gitlab-changement-de-prix-des-licenses\/\"]}]},{\"@type\":\"ImageObject\",\"inLanguage\":\"en-US\",\"@id\":\"https:\/\/www.almtoolbox.com\/blog\/gitlab-changement-de-prix-des-licenses\/#primaryimage\",\"url\":\"https:\/\/www.almtoolbox.com\/blog\/wp-content\/uploads\/\/2018\/02\/gitlab-logo-purple-1.jpg\",\"contentUrl\":\"https:\/\/www.almtoolbox.com\/blog\/wp-content\/uploads\/\/2018\/02\/gitlab-logo-purple-1.jpg\",\"width\":1135,\"height\":523,\"caption\":\"gitlab logo\"},{\"@type\":\"BreadcrumbList\",\"@id\":\"https:\/\/www.almtoolbox.com\/blog\/gitlab-changement-de-prix-des-licenses\/#breadcrumb\",\"itemListElement\":[{\"@type\":\"ListItem\",\"position\":1,\"name\":\"Home\",\"item\":\"https:\/\/www.almtoolbox.com\/blog\/\"},{\"@type\":\"ListItem\",\"position\":2,\"name\":\"Changement de prix des licenses GitLab\"}]},{\"@type\":\"WebSite\",\"@id\":\"https:\/\/www.almtoolbox.com\/blog\/#website\",\"url\":\"https:\/\/www.almtoolbox.com\/blog\/\",\"name\":\"ALMtoolbox News\",\"description\":\"All the news of ALMtoolbox\",\"publisher\":{\"@id\":\"https:\/\/www.almtoolbox.com\/blog\/#organization\"},\"potentialAction\":[{\"@type\":\"SearchAction\",\"target\":{\"@type\":\"EntryPoint\",\"urlTemplate\":\"https:\/\/www.almtoolbox.com\/blog\/?s={search_term_string}\"},\"query-input\":{\"@type\":\"PropertyValueSpecification\",\"valueRequired\":true,\"valueName\":\"search_term_string\"}}],\"inLanguage\":\"en-US\"},{\"@type\":\"Organization\",\"@id\":\"https:\/\/www.almtoolbox.com\/blog\/#organization\",\"name\":\"ALMtoolbox\",\"url\":\"https:\/\/www.almtoolbox.com\/blog\/\",\"logo\":{\"@type\":\"ImageObject\",\"inLanguage\":\"en-US\",\"@id\":\"https:\/\/www.almtoolbox.com\/blog\/#\/schema\/logo\/image\/\",\"url\":\"https:\/\/www.almtoolbox.com\/blog\/wp-content\/uploads\/\/2015\/10\/logo.png\",\"contentUrl\":\"https:\/\/www.almtoolbox.com\/blog\/wp-content\/uploads\/\/2015\/10\/logo.png\",\"width\":410,\"height\":190,\"caption\":\"ALMtoolbox\"},\"image\":{\"@id\":\"https:\/\/www.almtoolbox.com\/blog\/#\/schema\/logo\/image\/\"},\"sameAs\":[\"https:\/\/www.facebook.com\/almtoolbox.israel\/\",\"https:\/\/www.linkedin.com\/company\/almtoolbox\/\",\"https:\/\/www.youtube.com\/user\/GoMidjets\"]}]}<\/script>\n<!-- \/ Yoast SEO plugin. -->","yoast_head_json":{"title":"Changement de prix des licenses GitLab - ALMtoolbox News","robots":{"index":"index","follow":"follow","max-snippet":"max-snippet:-1","max-image-preview":"max-image-preview:large","max-video-preview":"max-video-preview:-1"},"canonical":"https:\/\/www.almtoolbox.com\/blog\/gitlab-changement-de-prix-des-licenses\/","og_locale":"en_US","og_type":"article","og_title":"Changement de prix des licenses GitLab - ALMtoolbox News","og_description":"GitLab, qui offre une solution compl\u00e9mentaire et populaire aux utilisateurs de Git et aux professionnels du logiciel, a annonc\u00e9 une augmentation prochaine des prix de licence pour les produits On-Premise (\u00e9galement connu sous le nom de \u00abSelf-hosted\u00bb): Enterprise Starter co\u00fbtera 48 $ par utilisateur et par an (actuellement 39 $) Premium, avec des fonctionnalit\u00e9s suppl\u00e9mentaires [&hellip;]","og_url":"https:\/\/www.almtoolbox.com\/blog\/gitlab-changement-de-prix-des-licenses\/","og_site_name":"ALMtoolbox News","article_publisher":"https:\/\/www.facebook.com\/almtoolbox.israel\/","article_modified_time":"2018-02-08T09:35:25+00:00","og_image":[{"url":"https:\/\/www.almtoolbox.com\/blog\/wp-content\/uploads\/\/2018\/02\/gitlab-logo-purple-1-1024x472.jpg","type":"","width":"","height":""}],"twitter_card":"summary_large_image","twitter_misc":{"Est. reading time":"2 minutes"},"schema":{"@context":"https:\/\/schema.org","@graph":[{"@type":"WebPage","@id":"https:\/\/www.almtoolbox.com\/blog\/gitlab-changement-de-prix-des-licenses\/","url":"https:\/\/www.almtoolbox.com\/blog\/gitlab-changement-de-prix-des-licenses\/","name":"Changement de prix des licenses GitLab - ALMtoolbox News","isPartOf":{"@id":"https:\/\/www.almtoolbox.com\/blog\/#website"},"primaryImageOfPage":{"@id":"https:\/\/www.almtoolbox.com\/blog\/gitlab-changement-de-prix-des-licenses\/#primaryimage"},"image":{"@id":"https:\/\/www.almtoolbox.com\/blog\/gitlab-changement-de-prix-des-licenses\/#primaryimage"},"thumbnailUrl":"https:\/\/www.almtoolbox.com\/blog\/wp-content\/uploads\/\/2018\/02\/gitlab-logo-purple-1-1024x472.jpg","datePublished":"2018-02-05T16:30:30+00:00","dateModified":"2018-02-08T09:35:25+00:00","breadcrumb":{"@id":"https:\/\/www.almtoolbox.com\/blog\/gitlab-changement-de-prix-des-licenses\/#breadcrumb"},"inLanguage":"en-US","potentialAction":[{"@type":"ReadAction","target":["https:\/\/www.almtoolbox.com\/blog\/gitlab-changement-de-prix-des-licenses\/"]}]},{"@type":"ImageObject","inLanguage":"en-US","@id":"https:\/\/www.almtoolbox.com\/blog\/gitlab-changement-de-prix-des-licenses\/#primaryimage","url":"https:\/\/www.almtoolbox.com\/blog\/wp-content\/uploads\/\/2018\/02\/gitlab-logo-purple-1.jpg","contentUrl":"https:\/\/www.almtoolbox.com\/blog\/wp-content\/uploads\/\/2018\/02\/gitlab-logo-purple-1.jpg","width":1135,"height":523,"caption":"gitlab logo"},{"@type":"BreadcrumbList","@id":"https:\/\/www.almtoolbox.com\/blog\/gitlab-changement-de-prix-des-licenses\/#breadcrumb","itemListElement":[{"@type":"ListItem","position":1,"name":"Home","item":"https:\/\/www.almtoolbox.com\/blog\/"},{"@type":"ListItem","position":2,"name":"Changement de prix des licenses GitLab"}]},{"@type":"WebSite","@id":"https:\/\/www.almtoolbox.com\/blog\/#website","url":"https:\/\/www.almtoolbox.com\/blog\/","name":"ALMtoolbox News","description":"All the news of ALMtoolbox","publisher":{"@id":"https:\/\/www.almtoolbox.com\/blog\/#organization"},"potentialAction":[{"@type":"SearchAction","target":{"@type":"EntryPoint","urlTemplate":"https:\/\/www.almtoolbox.com\/blog\/?s={search_term_string}"},"query-input":{"@type":"PropertyValueSpecification","valueRequired":true,"valueName":"search_term_string"}}],"inLanguage":"en-US"},{"@type":"Organization","@id":"https:\/\/www.almtoolbox.com\/blog\/#organization","name":"ALMtoolbox","url":"https:\/\/www.almtoolbox.com\/blog\/","logo":{"@type":"ImageObject","inLanguage":"en-US","@id":"https:\/\/www.almtoolbox.com\/blog\/#\/schema\/logo\/image\/","url":"https:\/\/www.almtoolbox.com\/blog\/wp-content\/uploads\/\/2015\/10\/logo.png","contentUrl":"https:\/\/www.almtoolbox.com\/blog\/wp-content\/uploads\/\/2015\/10\/logo.png","width":410,"height":190,"caption":"ALMtoolbox"},"image":{"@id":"https:\/\/www.almtoolbox.com\/blog\/#\/schema\/logo\/image\/"},"sameAs":["https:\/\/www.facebook.com\/almtoolbox.israel\/","https:\/\/www.linkedin.com\/company\/almtoolbox\/","https:\/\/www.youtube.com\/user\/GoMidjets"]}]}},"_links":{"self":[{"href":"https:\/\/www.almtoolbox.com\/blog\/wp-json\/wp\/v2\/pages\/4283","targetHints":{"allow":["GET"]}}],"collection":[{"href":"https:\/\/www.almtoolbox.com\/blog\/wp-json\/wp\/v2\/pages"}],"about":[{"href":"https:\/\/www.almtoolbox.com\/blog\/wp-json\/wp\/v2\/types\/page"}],"author":[{"embeddable":true,"href":"https:\/\/www.almtoolbox.com\/blog\/wp-json\/wp\/v2\/users\/10"}],"replies":[{"embeddable":true,"href":"https:\/\/www.almtoolbox.com\/blog\/wp-json\/wp\/v2\/comments?post=4283"}],"version-history":[{"count":13,"href":"https:\/\/www.almtoolbox.com\/blog\/wp-json\/wp\/v2\/pages\/4283\/revisions"}],"predecessor-version":[{"id":4308,"href":"https:\/\/www.almtoolbox.com\/blog\/wp-json\/wp\/v2\/pages\/4283\/revisions\/4308"}],"wp:attachment":[{"href":"https:\/\/www.almtoolbox.com\/blog\/wp-json\/wp\/v2\/media?parent=4283"}],"wp:term":[{"taxonomy":"post_tag","embeddable":true,"href":"https:\/\/www.almtoolbox.com\/blog\/wp-json\/wp\/v2\/tags?post=4283"}],"curies":[{"name":"wp","href":"https:\/\/api.w.org\/{rel}","templated":true}]}}