{"id":4196,"date":"2017-12-11T07:16:37","date_gmt":"2017-12-11T05:16:37","guid":{"rendered":"https:\/\/www.almtoolbox.com\/blog\/?page_id=4196"},"modified":"2018-02-08T15:46:48","modified_gmt":"2018-02-08T13:46:48","slug":"comment-selectionner-la-version-de-gitlab-qui-repond-a-vos-besoins","status":"publish","type":"page","link":"https:\/\/www.almtoolbox.com\/blog\/comment-selectionner-la-version-de-gitlab-qui-repond-a-vos-besoins\/","title":{"rendered":"Comment s\u00e9lectionner la version de GitLab qui r\u00e9pond \u00e0 vos besoins"},"content":{"rendered":"<p><em>Mise a jour 06.02.2018<\/em><\/p>\n<p>Les utilisateurs\u00a0 GitLab nous demandent souvent quelle version de GitLab choisir. Pas \u00e9tonnant: aujourd&#8217;hui \u00a0il \u00a0en existe essentiellement \u00a012 (!) options (cloud, sur site, etc.) \u00a0et le choix peut \u00eatre assez d\u00e9routant.<\/p>\n<p>De plus\u00a0, GitLab a annonc\u00e9 une \u00a0hausse des prix des licences vers la fin du mois de f\u00e9vrier 2018! Tous les d\u00e9tails ici.<\/p>\n<p><img loading=\"lazy\" decoding=\"async\" class=\"aligncenter size-large wp-image-4200\" style=\"border: 0;\" src=\"https:\/\/www.almtoolbox.com\/blog\/wp-content\/uploads\/\/2017\/12\/good-wine-1024x683.jpg\" alt=\"gitlab variety of editions\" width=\"680\" height=\"454\" srcset=\"https:\/\/www.almtoolbox.com\/blog\/wp-content\/uploads\/2017\/12\/good-wine-1024x683.jpg 1024w, https:\/\/www.almtoolbox.com\/blog\/wp-content\/uploads\/2017\/12\/good-wine-150x100.jpg 150w, https:\/\/www.almtoolbox.com\/blog\/wp-content\/uploads\/2017\/12\/good-wine-300x200.jpg 300w, https:\/\/www.almtoolbox.com\/blog\/wp-content\/uploads\/2017\/12\/good-wine-768x512.jpg 768w, https:\/\/www.almtoolbox.com\/blog\/wp-content\/uploads\/2017\/12\/good-wine.jpg 1079w\" sizes=\"auto, (max-width: 680px) 100vw, 680px\" \/><\/p>\n<p>Le but de cet article est de vous aider \u00e0 choisir la bonne version de GitLab.<\/p>\n<h3>Alors, comment choisissez-vous?<\/h3>\n<p>Pour faire simple, divisons la d\u00e9cision en deux \u00e9tapes :<\/p>\n<ol>\n<li>Tout d\u2019abord d\u00e9terminez si vous souhaitez que votre GitLab se trouve derri\u00e8re votre pare-feu (sur site) sur le cloud public (gitlab.com) ou sur un cloud priv\u00e9. L&#8217;option de cloud priv\u00e9, que nous fournissons, est en fait un serveur priv\u00e9 sur le cloud qui offre le meilleur des deux mondes: d&#8217;une part, il n&#8217;y a pas besoin de maintenance informatique ou de serveur physique d\u2019un autre c\u00f4t\u00e9, vous utilisez votre propre serveur, ce qui vous donne un contr\u00f4le total et de nombreux autres avantages.<\/li>\n<li>Ensuite, vous devez d\u00e9cider si la version gratuite (&#8220;Community Edition&#8221; ou &#8220;Libre&#8221;) est suffisante pour vous, ou si vous avez besoin d&#8217;une des options payantes (Enterprise).<\/li>\n<\/ol>\n<p>&nbsp;<\/p>\n<h3>Auto-h\u00e9bergement?<\/h3>\n<p><a href=\"https:\/\/www.almtoolbox.com\/blog\/wp-content\/uploads\/\/2018\/02\/gitlab-new-onprem-editions-768x138.jpg\" target=\"_blank\" rel=\"noopener\"><img loading=\"lazy\" decoding=\"async\" class=\"aligncenter wp-image-4295\" style=\"border: 0;\" src=\"https:\/\/www.almtoolbox.com\/blog\/wp-content\/uploads\/\/2018\/02\/gitlab-new-onprem-editions-768x138.jpg\" alt=\"GitLab Editions Libre Starter Premium Ultimate\" width=\"679\" height=\"122\" srcset=\"https:\/\/www.almtoolbox.com\/blog\/wp-content\/uploads\/2018\/02\/gitlab-new-onprem-editions-768x138.jpg 768w, https:\/\/www.almtoolbox.com\/blog\/wp-content\/uploads\/2018\/02\/gitlab-new-onprem-editions-768x138-150x27.jpg 150w, https:\/\/www.almtoolbox.com\/blog\/wp-content\/uploads\/2018\/02\/gitlab-new-onprem-editions-768x138-300x54.jpg 300w\" sizes=\"auto, (max-width: 679px) 100vw, 679px\" \/><\/a><\/p>\n<p>&nbsp;<\/p>\n<p>Si vous souhaitez utiliser GitLab sur vos propres serveurs \u00a0ou sur un cloud priv\u00e9 (les deux options sont actuellement sur site), vous pouvez choisir parmi la version gratuite (Libre &#8211; l&#8217;image la plus \u00e0 gauche), Starter ou Premium et Ultimate.\u00a0Voici les principales diff\u00e9rences:<\/p>\n<ul>\n<li>\u00e9ditions Enterprise (Starter, Premium, Ultimate) incluent le support GitLab. EES b\u00e9n\u00e9ficie d&#8217;un support le jour ouvrable suivant, tandis que EEP offre un temps de r\u00e9ponse de 4 heures et d&#8217;une assistance d&#8217;urgence 24 heures sur 24, 7 jours sur 7.<\/li>\n<li>Les versions payantes offrent des fonctionnalit\u00e9s suppl\u00e9mentaires:\u00a0<a href=\"https:\/\/www.almtoolbox.com\/gitlab-fr.php#features\" target=\"_blank\" rel=\"noopener\">https:\/\/www.almtoolbox.com\/gitlab-fr.php#features<\/a><\/li>\n<li>A noter que la version Ultimate fournit des fonctionnalit\u00e9s suppl\u00e9mentaires, en mettant l&#8217;accent sur la s\u00e9curit\u00e9 (tests de code statique et dynamique, s\u00e9curit\u00e9 des conteneurs) et la gestion de portefeuille (y compris Epics) et plus encore.<\/li>\n<\/ul>\n<p>La version gratuite\u00a0(&#8220;Libre&#8221;) ne donne pas droit au support. La liste des fonctionnalit\u00e9s de la version gratuite se trouve aussi dans le lien , colonne de gauche.<\/p>\n<p>&nbsp;<\/p>\n<h3>Cloud public?<\/h3>\n<div id=\"attachment_4049\" style=\"width: 690px\" class=\"wp-caption aligncenter\"><a href=\"https:\/\/www.almtoolbox.com\/blog\/wp-content\/uploads\/\/2017\/10\/Public-Cloud2.jpg\"><img loading=\"lazy\" decoding=\"async\" aria-describedby=\"caption-attachment-4049\" class=\"wp-image-4049 size-full\" style=\"border: 0;\" src=\"https:\/\/www.almtoolbox.com\/blog\/wp-content\/uploads\/\/2017\/10\/gitlab-com-plans-1-768x116.jpg\" alt=\"gitlab public cloud pricing editions\" width=\"680\" height=\"102\" srcset=\"https:\/\/www.almtoolbox.com\/blog\/wp-content\/uploads\/2017\/10\/gitlab-com-plans-1-768x116.jpg 768w, https:\/\/www.almtoolbox.com\/blog\/wp-content\/uploads\/2017\/10\/gitlab-com-plans-1-768x116-150x23.jpg 150w, https:\/\/www.almtoolbox.com\/blog\/wp-content\/uploads\/2017\/10\/gitlab-com-plans-1-768x116-300x45.jpg 300w\" sizes=\"auto, (max-width: 680px) 100vw, 680px\" \/><\/a><p id=\"caption-attachment-4049\" class=\"wp-caption-text\">Appuyez pour agrandir l\u2019image<\/p><\/div>\n<p>&nbsp;<\/p>\n<p>Si vous optez pour le cloud public, vous disposez de quatre options, dont l&#8217;une est totalement gratuite (mais sans le support GitLab et limit\u00e9e \u00e0 10 Go de stockage).<\/p>\n<p>La diff\u00e9rence entre les versions payantes provient de la rapidit\u00e9 de r\u00e9ponse en r\u00e9ponse \u00e0 des dysfonctionnements; Le nombre de fonctionnalit\u00e9s dans chaque version, ainsi que le temps n\u00e9cessaire pour ex\u00e9cuter l&#8217;int\u00e9gration continue dans le cloud public GitLab (Nodes \/ Runners peuvent \u00eatre achet\u00e9s sans frais suppl\u00e9mentaires) &#8211; la limite r\u00e9side dans le nombre de minutes de fonctionnement mensuelles &#8211; de 2000 minutes par mois en Bronze \u00e0 50 000 en version Or).<\/p>\n<p>Les d\u00e9tails complets sont ici:\u00a0<a href=\"https:\/\/www.almtoolbox.com\/gitlab-fr.php#features\" target=\"_blank\" rel=\"noopener\">https:\/\/www.almtoolbox.com\/gitlab-fr.php#features<\/a><\/p>\n<p>Notez que vous pouvez acheter toutes sortes de licences GitLab directement chez nous (\u00e0 de meilleurs prix que sur le site Web de la soci\u00e9t\u00e9). Nous pouvons \u00e9galement fournir des versions d&#8217;essai pour tester GitLab \u00e0 la fois sur un serveur priv\u00e9 et sur le cloud.<\/p>\n<h3>Questions? Besoin d\u2019une license\u00a0ou version d\u2019essai ?<\/h3>\n<p>Contactez-nous: <a href=\"mailto:gitlab@almtoolbox.com\">gitlab@almtoolbox.com<\/a> ou 01 84 17 53 28 (France) \/ +31 85 064 4633 (international) \/ 866-503-1471 (US \/ Canada)<\/p>\n<p>[chimpy_form forms=&#8221;4&#8243;]<\/p>\n<p>&nbsp;<\/p>\n<div class=\"\" style=\"border: 1px solid #eacd85; background: #ffeec5; padding: 1.1em 1.2em; border-radius: 4px;\">\n<p><strong>Notre soci\u00e9t\u00e9 ALMtoolbox est un revendeur agr\u00e9\u00e9 GitLab, pour l&#8217;Europe et Israel. <\/strong><br \/>\nNous avons des experts qui peuvent vous aider:<\/p>\n<ul>\n<li>Planifier une nouvelle impl\u00e9mentation<\/li>\n<li>Mettre en place de nouveaux environnements<\/li>\n<li>Vous aider \u00e0 choisir la bonne licence d&#8217;abonnement pour vous<\/li>\n<li>Impl\u00e9menter l&#8217;int\u00e9gration avec JIRA, Jenkins, Slack, Docker et d&#8217;autres outils<\/li>\n<li>Personnalisations et d\u00e9veloppement de modules compl\u00e9mentaires<\/li>\n<li>Formation GitLab et Git<\/li>\n<li>Impl\u00e9menter la migration \u00e0 partir de Git, GitHub, BitBucket, TFS, ClearCase, RTC, Subversion (SVN), JIRA, Jenkins et plus<\/li>\n<li>Services g\u00e9r\u00e9s<\/li>\n<\/ul>\n<p>Contactez-nous: <a href=\"mailto:gitlab@almtoolbox.com\">gitlab@almtoolbox.com<\/a> ou 01 84 17 53 28 (France) \/ +31 85 064 4633 (international) \/ 866-503-1471 (USA\/Canada)<\/p>\n<\/div>\n<p>&nbsp;<\/p>\n<h3>Liens utiles:<\/h3>\n<ul>\n<li><a href=\"https:\/\/www.almtoolbox.com\/blog\/webinar-meetup-presentation-de-gitlab\/\" target=\"_blank\" rel=\"noopener\">Pr\u00e9sentation de GitLab: Visionnez notre premier Webcast GitLab en fran\u00e7ais (vid\u00e9o + presentation)<\/a><\/li>\n<li><a href=\"http:\/\/gitlab.fr\" target=\"_blank\" rel=\"noopener\">Regardez un apercu de GitLab v10.2<\/a><\/li>\n<li><a href=\"https:\/\/www.almtoolbox.com\/blog\/gitlab-enterprise-edition\/\" target=\"_blank\" rel=\"noopener\">Regardez une d\u00e9monstration en direct de GitLab Enterprise Edition<\/a><\/li>\n<\/ul>\n<p>&nbsp;<\/p>\n","protected":false},"excerpt":{"rendered":"<p>Mise a jour 06.02.2018 Les utilisateurs\u00a0 GitLab nous demandent souvent quelle version de GitLab choisir. Pas \u00e9tonnant: aujourd&#8217;hui \u00a0il \u00a0en existe essentiellement \u00a012 (!) options (cloud, sur site, etc.) \u00a0et le choix peut \u00eatre assez d\u00e9routant. De plus\u00a0, GitLab a annonc\u00e9 une \u00a0hausse des prix des licences vers la fin du mois de f\u00e9vrier 2018! [&hellip;]<\/p>\n","protected":false},"author":10,"featured_media":0,"parent":0,"menu_order":0,"comment_status":"closed","ping_status":"closed","template":"","meta":{"footnotes":""},"tags":[],"class_list":["post-4196","page","type-page","status-publish","hentry"],"yoast_head":"<!-- This site is optimized with the Yoast SEO plugin v26.7 - https:\/\/yoast.com\/wordpress\/plugins\/seo\/ -->\n<title>Comment s\u00e9lectionner la version de GitLab qui r\u00e9pond \u00e0 vos besoins - ALMtoolbox News<\/title>\n<meta name=\"robots\" content=\"index, follow, max-snippet:-1, max-image-preview:large, max-video-preview:-1\" \/>\n<link rel=\"canonical\" href=\"https:\/\/www.almtoolbox.com\/blog\/comment-selectionner-la-version-de-gitlab-qui-repond-a-vos-besoins\/\" \/>\n<meta property=\"og:locale\" content=\"en_US\" \/>\n<meta property=\"og:type\" content=\"article\" \/>\n<meta property=\"og:title\" content=\"Comment s\u00e9lectionner la version de GitLab qui r\u00e9pond \u00e0 vos besoins - ALMtoolbox News\" \/>\n<meta property=\"og:description\" content=\"Mise a jour 06.02.2018 Les utilisateurs\u00a0 GitLab nous demandent souvent quelle version de GitLab choisir. Pas \u00e9tonnant: aujourd&#8217;hui \u00a0il \u00a0en existe essentiellement \u00a012 (!) options (cloud, sur site, etc.) \u00a0et le choix peut \u00eatre assez d\u00e9routant. De plus\u00a0, GitLab a annonc\u00e9 une \u00a0hausse des prix des licences vers la fin du mois de f\u00e9vrier 2018! [&hellip;]\" \/>\n<meta property=\"og:url\" content=\"https:\/\/www.almtoolbox.com\/blog\/comment-selectionner-la-version-de-gitlab-qui-repond-a-vos-besoins\/\" \/>\n<meta property=\"og:site_name\" content=\"ALMtoolbox News\" \/>\n<meta property=\"article:publisher\" content=\"https:\/\/www.facebook.com\/almtoolbox.israel\/\" \/>\n<meta property=\"article:modified_time\" content=\"2018-02-08T13:46:48+00:00\" \/>\n<meta property=\"og:image\" content=\"https:\/\/www.almtoolbox.com\/blog\/wp-content\/uploads\/\/2017\/12\/good-wine-1024x683.jpg\" \/>\n<meta name=\"twitter:card\" content=\"summary_large_image\" \/>\n<meta name=\"twitter:label1\" content=\"Est. reading time\" \/>\n\t<meta name=\"twitter:data1\" content=\"4 minutes\" \/>\n<script type=\"application\/ld+json\" class=\"yoast-schema-graph\">{\"@context\":\"https:\/\/schema.org\",\"@graph\":[{\"@type\":\"WebPage\",\"@id\":\"https:\/\/www.almtoolbox.com\/blog\/comment-selectionner-la-version-de-gitlab-qui-repond-a-vos-besoins\/\",\"url\":\"https:\/\/www.almtoolbox.com\/blog\/comment-selectionner-la-version-de-gitlab-qui-repond-a-vos-besoins\/\",\"name\":\"Comment s\u00e9lectionner la version de GitLab qui r\u00e9pond \u00e0 vos besoins - ALMtoolbox News\",\"isPartOf\":{\"@id\":\"https:\/\/www.almtoolbox.com\/blog\/#website\"},\"primaryImageOfPage\":{\"@id\":\"https:\/\/www.almtoolbox.com\/blog\/comment-selectionner-la-version-de-gitlab-qui-repond-a-vos-besoins\/#primaryimage\"},\"image\":{\"@id\":\"https:\/\/www.almtoolbox.com\/blog\/comment-selectionner-la-version-de-gitlab-qui-repond-a-vos-besoins\/#primaryimage\"},\"thumbnailUrl\":\"https:\/\/www.almtoolbox.com\/blog\/wp-content\/uploads\/\/2017\/12\/good-wine-1024x683.jpg\",\"datePublished\":\"2017-12-11T05:16:37+00:00\",\"dateModified\":\"2018-02-08T13:46:48+00:00\",\"breadcrumb\":{\"@id\":\"https:\/\/www.almtoolbox.com\/blog\/comment-selectionner-la-version-de-gitlab-qui-repond-a-vos-besoins\/#breadcrumb\"},\"inLanguage\":\"en-US\",\"potentialAction\":[{\"@type\":\"ReadAction\",\"target\":[\"https:\/\/www.almtoolbox.com\/blog\/comment-selectionner-la-version-de-gitlab-qui-repond-a-vos-besoins\/\"]}]},{\"@type\":\"ImageObject\",\"inLanguage\":\"en-US\",\"@id\":\"https:\/\/www.almtoolbox.com\/blog\/comment-selectionner-la-version-de-gitlab-qui-repond-a-vos-besoins\/#primaryimage\",\"url\":\"https:\/\/www.almtoolbox.com\/blog\/wp-content\/uploads\/\/2017\/12\/good-wine.jpg\",\"contentUrl\":\"https:\/\/www.almtoolbox.com\/blog\/wp-content\/uploads\/\/2017\/12\/good-wine.jpg\",\"width\":1079,\"height\":720,\"caption\":\"gitlab variety of editions\"},{\"@type\":\"BreadcrumbList\",\"@id\":\"https:\/\/www.almtoolbox.com\/blog\/comment-selectionner-la-version-de-gitlab-qui-repond-a-vos-besoins\/#breadcrumb\",\"itemListElement\":[{\"@type\":\"ListItem\",\"position\":1,\"name\":\"Home\",\"item\":\"https:\/\/www.almtoolbox.com\/blog\/\"},{\"@type\":\"ListItem\",\"position\":2,\"name\":\"Comment s\u00e9lectionner la version de GitLab qui r\u00e9pond \u00e0 vos besoins\"}]},{\"@type\":\"WebSite\",\"@id\":\"https:\/\/www.almtoolbox.com\/blog\/#website\",\"url\":\"https:\/\/www.almtoolbox.com\/blog\/\",\"name\":\"ALMtoolbox News\",\"description\":\"All the news of ALMtoolbox\",\"publisher\":{\"@id\":\"https:\/\/www.almtoolbox.com\/blog\/#organization\"},\"potentialAction\":[{\"@type\":\"SearchAction\",\"target\":{\"@type\":\"EntryPoint\",\"urlTemplate\":\"https:\/\/www.almtoolbox.com\/blog\/?s={search_term_string}\"},\"query-input\":{\"@type\":\"PropertyValueSpecification\",\"valueRequired\":true,\"valueName\":\"search_term_string\"}}],\"inLanguage\":\"en-US\"},{\"@type\":\"Organization\",\"@id\":\"https:\/\/www.almtoolbox.com\/blog\/#organization\",\"name\":\"ALMtoolbox\",\"url\":\"https:\/\/www.almtoolbox.com\/blog\/\",\"logo\":{\"@type\":\"ImageObject\",\"inLanguage\":\"en-US\",\"@id\":\"https:\/\/www.almtoolbox.com\/blog\/#\/schema\/logo\/image\/\",\"url\":\"https:\/\/www.almtoolbox.com\/blog\/wp-content\/uploads\/\/2015\/10\/logo.png\",\"contentUrl\":\"https:\/\/www.almtoolbox.com\/blog\/wp-content\/uploads\/\/2015\/10\/logo.png\",\"width\":410,\"height\":190,\"caption\":\"ALMtoolbox\"},\"image\":{\"@id\":\"https:\/\/www.almtoolbox.com\/blog\/#\/schema\/logo\/image\/\"},\"sameAs\":[\"https:\/\/www.facebook.com\/almtoolbox.israel\/\",\"https:\/\/www.linkedin.com\/company\/almtoolbox\/\",\"https:\/\/www.youtube.com\/user\/GoMidjets\"]}]}<\/script>\n<!-- \/ Yoast SEO plugin. -->","yoast_head_json":{"title":"Comment s\u00e9lectionner la version de GitLab qui r\u00e9pond \u00e0 vos besoins - ALMtoolbox News","robots":{"index":"index","follow":"follow","max-snippet":"max-snippet:-1","max-image-preview":"max-image-preview:large","max-video-preview":"max-video-preview:-1"},"canonical":"https:\/\/www.almtoolbox.com\/blog\/comment-selectionner-la-version-de-gitlab-qui-repond-a-vos-besoins\/","og_locale":"en_US","og_type":"article","og_title":"Comment s\u00e9lectionner la version de GitLab qui r\u00e9pond \u00e0 vos besoins - ALMtoolbox News","og_description":"Mise a jour 06.02.2018 Les utilisateurs\u00a0 GitLab nous demandent souvent quelle version de GitLab choisir. Pas \u00e9tonnant: aujourd&#8217;hui \u00a0il \u00a0en existe essentiellement \u00a012 (!) options (cloud, sur site, etc.) \u00a0et le choix peut \u00eatre assez d\u00e9routant. De plus\u00a0, GitLab a annonc\u00e9 une \u00a0hausse des prix des licences vers la fin du mois de f\u00e9vrier 2018! [&hellip;]","og_url":"https:\/\/www.almtoolbox.com\/blog\/comment-selectionner-la-version-de-gitlab-qui-repond-a-vos-besoins\/","og_site_name":"ALMtoolbox News","article_publisher":"https:\/\/www.facebook.com\/almtoolbox.israel\/","article_modified_time":"2018-02-08T13:46:48+00:00","og_image":[{"url":"https:\/\/www.almtoolbox.com\/blog\/wp-content\/uploads\/\/2017\/12\/good-wine-1024x683.jpg","type":"","width":"","height":""}],"twitter_card":"summary_large_image","twitter_misc":{"Est. reading time":"4 minutes"},"schema":{"@context":"https:\/\/schema.org","@graph":[{"@type":"WebPage","@id":"https:\/\/www.almtoolbox.com\/blog\/comment-selectionner-la-version-de-gitlab-qui-repond-a-vos-besoins\/","url":"https:\/\/www.almtoolbox.com\/blog\/comment-selectionner-la-version-de-gitlab-qui-repond-a-vos-besoins\/","name":"Comment s\u00e9lectionner la version de GitLab qui r\u00e9pond \u00e0 vos besoins - ALMtoolbox News","isPartOf":{"@id":"https:\/\/www.almtoolbox.com\/blog\/#website"},"primaryImageOfPage":{"@id":"https:\/\/www.almtoolbox.com\/blog\/comment-selectionner-la-version-de-gitlab-qui-repond-a-vos-besoins\/#primaryimage"},"image":{"@id":"https:\/\/www.almtoolbox.com\/blog\/comment-selectionner-la-version-de-gitlab-qui-repond-a-vos-besoins\/#primaryimage"},"thumbnailUrl":"https:\/\/www.almtoolbox.com\/blog\/wp-content\/uploads\/\/2017\/12\/good-wine-1024x683.jpg","datePublished":"2017-12-11T05:16:37+00:00","dateModified":"2018-02-08T13:46:48+00:00","breadcrumb":{"@id":"https:\/\/www.almtoolbox.com\/blog\/comment-selectionner-la-version-de-gitlab-qui-repond-a-vos-besoins\/#breadcrumb"},"inLanguage":"en-US","potentialAction":[{"@type":"ReadAction","target":["https:\/\/www.almtoolbox.com\/blog\/comment-selectionner-la-version-de-gitlab-qui-repond-a-vos-besoins\/"]}]},{"@type":"ImageObject","inLanguage":"en-US","@id":"https:\/\/www.almtoolbox.com\/blog\/comment-selectionner-la-version-de-gitlab-qui-repond-a-vos-besoins\/#primaryimage","url":"https:\/\/www.almtoolbox.com\/blog\/wp-content\/uploads\/\/2017\/12\/good-wine.jpg","contentUrl":"https:\/\/www.almtoolbox.com\/blog\/wp-content\/uploads\/\/2017\/12\/good-wine.jpg","width":1079,"height":720,"caption":"gitlab variety of editions"},{"@type":"BreadcrumbList","@id":"https:\/\/www.almtoolbox.com\/blog\/comment-selectionner-la-version-de-gitlab-qui-repond-a-vos-besoins\/#breadcrumb","itemListElement":[{"@type":"ListItem","position":1,"name":"Home","item":"https:\/\/www.almtoolbox.com\/blog\/"},{"@type":"ListItem","position":2,"name":"Comment s\u00e9lectionner la version de GitLab qui r\u00e9pond \u00e0 vos besoins"}]},{"@type":"WebSite","@id":"https:\/\/www.almtoolbox.com\/blog\/#website","url":"https:\/\/www.almtoolbox.com\/blog\/","name":"ALMtoolbox News","description":"All the news of ALMtoolbox","publisher":{"@id":"https:\/\/www.almtoolbox.com\/blog\/#organization"},"potentialAction":[{"@type":"SearchAction","target":{"@type":"EntryPoint","urlTemplate":"https:\/\/www.almtoolbox.com\/blog\/?s={search_term_string}"},"query-input":{"@type":"PropertyValueSpecification","valueRequired":true,"valueName":"search_term_string"}}],"inLanguage":"en-US"},{"@type":"Organization","@id":"https:\/\/www.almtoolbox.com\/blog\/#organization","name":"ALMtoolbox","url":"https:\/\/www.almtoolbox.com\/blog\/","logo":{"@type":"ImageObject","inLanguage":"en-US","@id":"https:\/\/www.almtoolbox.com\/blog\/#\/schema\/logo\/image\/","url":"https:\/\/www.almtoolbox.com\/blog\/wp-content\/uploads\/\/2015\/10\/logo.png","contentUrl":"https:\/\/www.almtoolbox.com\/blog\/wp-content\/uploads\/\/2015\/10\/logo.png","width":410,"height":190,"caption":"ALMtoolbox"},"image":{"@id":"https:\/\/www.almtoolbox.com\/blog\/#\/schema\/logo\/image\/"},"sameAs":["https:\/\/www.facebook.com\/almtoolbox.israel\/","https:\/\/www.linkedin.com\/company\/almtoolbox\/","https:\/\/www.youtube.com\/user\/GoMidjets"]}]}},"_links":{"self":[{"href":"https:\/\/www.almtoolbox.com\/blog\/wp-json\/wp\/v2\/pages\/4196","targetHints":{"allow":["GET"]}}],"collection":[{"href":"https:\/\/www.almtoolbox.com\/blog\/wp-json\/wp\/v2\/pages"}],"about":[{"href":"https:\/\/www.almtoolbox.com\/blog\/wp-json\/wp\/v2\/types\/page"}],"author":[{"embeddable":true,"href":"https:\/\/www.almtoolbox.com\/blog\/wp-json\/wp\/v2\/users\/10"}],"replies":[{"embeddable":true,"href":"https:\/\/www.almtoolbox.com\/blog\/wp-json\/wp\/v2\/comments?post=4196"}],"version-history":[{"count":23,"href":"https:\/\/www.almtoolbox.com\/blog\/wp-json\/wp\/v2\/pages\/4196\/revisions"}],"predecessor-version":[{"id":4310,"href":"https:\/\/www.almtoolbox.com\/blog\/wp-json\/wp\/v2\/pages\/4196\/revisions\/4310"}],"wp:attachment":[{"href":"https:\/\/www.almtoolbox.com\/blog\/wp-json\/wp\/v2\/media?parent=4196"}],"wp:term":[{"taxonomy":"post_tag","embeddable":true,"href":"https:\/\/www.almtoolbox.com\/blog\/wp-json\/wp\/v2\/tags?post=4196"}],"curies":[{"name":"wp","href":"https:\/\/api.w.org\/{rel}","templated":true}]}}