{"id":4157,"date":"2017-11-30T08:43:31","date_gmt":"2017-11-30T06:43:31","guid":{"rendered":"https:\/\/www.almtoolbox.com\/blog\/?page_id=4157"},"modified":"2020-10-08T14:50:05","modified_gmt":"2020-10-08T12:50:05","slug":"gitlab-enterprise-edition","status":"publish","type":"page","link":"https:\/\/www.almtoolbox.com\/blog\/gitlab-enterprise-edition\/","title":{"rendered":"Regardez une d\u00e9monstration en direct de GitLab Enterprise Edition"},"content":{"rendered":"<p>GitLab Enterprise Edition apporte tous les outils n\u00e9cessaires au d\u00e9veloppement moderne dans un interface utilisateur unique. Dans cette d\u00e9monstration vous d\u00e9couvrirez comment GitLab int\u00e8gre le contr\u00f4le de version, la gestion de projet, la r\u00e9vision de code, les tests et le d\u00e9ploiement pour aider les \u00e9quipes d&#8217;entreprise \u00e0 passer plus rapidement de l&#8217;id\u00e9e \u00e0 la production.<\/p>\n<p>Vous pourrez voir aussi le processus built-in de GitLab :<\/p>\n<ul>\n<li>Flux de travail complet<\/li>\n<li>Outils de r\u00e9vision de code<\/li>\n<li>Int\u00e9gration et d\u00e9ploiement continus<\/li>\n<li>Suivi en direct jusqu\u2019\u00e0 la production<\/li>\n<\/ul>\n<p><img decoding=\"async\" class=\"size-full wp-image-4168 aligncenter\" style=\"border: 0;\" src=\"https:\/\/www.almtoolbox.com\/blog\/wp-content\/uploads\/\/2017\/11\/gitlab-ee-demo-fr.jpg\" alt=\"gitlab-ee-demo-fr\" width=\"695\" height=\"auto\" srcset=\"https:\/\/www.almtoolbox.com\/blog\/wp-content\/uploads\/2017\/11\/gitlab-ee-demo-fr.jpg 705w, https:\/\/www.almtoolbox.com\/blog\/wp-content\/uploads\/2017\/11\/gitlab-ee-demo-fr-150x84.jpg 150w, https:\/\/www.almtoolbox.com\/blog\/wp-content\/uploads\/2017\/11\/gitlab-ee-demo-fr-300x169.jpg 300w\" sizes=\"(max-width: 705px) 100vw, 705px\" \/><\/p>\n<p>Pour regarder la vid\u00e9o et la pr\u00e9sentation, veuillez entrer vos coordonn\u00e9es, vous recevrez imm\u00e9diatement les liens par e-mail :<\/p>\n\n<div class=\"wpcf7 no-js\" id=\"wpcf7-f4448-o1\" lang=\"en-US\" dir=\"ltr\" data-wpcf7-id=\"4448\">\n<div class=\"screen-reader-response\"><p role=\"status\" aria-live=\"polite\" aria-atomic=\"true\"><\/p> <ul><\/ul><\/div>\n<form action=\"\/blog\/wp-json\/wp\/v2\/pages\/4157#wpcf7-f4448-o1\" method=\"post\" class=\"wpcf7-form init\" aria-label=\"Contact form\" novalidate=\"novalidate\" data-status=\"init\">\n<fieldset class=\"hidden-fields-container\"><input type=\"hidden\" name=\"_wpcf7\" value=\"4448\" \/><input type=\"hidden\" name=\"_wpcf7_version\" value=\"6.1.4\" \/><input type=\"hidden\" name=\"_wpcf7_locale\" value=\"en_US\" \/><input type=\"hidden\" name=\"_wpcf7_unit_tag\" value=\"wpcf7-f4448-o1\" \/><input type=\"hidden\" name=\"_wpcf7_container_post\" value=\"0\" \/><input type=\"hidden\" name=\"_wpcf7_posted_data_hash\" value=\"\" \/>\n<\/fieldset>\n<div class=\"gitlab-form\">\n\t<p>Nom Pr\u00e9nom*:\n\t<\/p>\n\t<p><span class=\"wpcf7-form-control-wrap\" data-name=\"your-name\"><input size=\"40\" maxlength=\"400\" class=\"wpcf7-form-control wpcf7-text wpcf7-validates-as-required\" aria-required=\"true\" aria-invalid=\"false\" value=\"\" type=\"text\" name=\"your-name\" \/><\/span>\n\t<\/p>\n\t<p>Email*:\n\t<\/p>\n\t<p><span class=\"wpcf7-form-control-wrap\" data-name=\"your-email\"><input size=\"40\" maxlength=\"400\" class=\"wpcf7-form-control wpcf7-email wpcf7-validates-as-required wpcf7-text wpcf7-validates-as-email\" aria-required=\"true\" aria-invalid=\"false\" value=\"\" type=\"email\" name=\"your-email\" \/><\/span>\n\t<\/p>\n\t<p>Soci\u00e9t\u00e9*:\n\t<\/p>\n\t<p><span class=\"wpcf7-form-control-wrap\" data-name=\"your-company\"><input size=\"40\" maxlength=\"400\" class=\"wpcf7-form-control wpcf7-text wpcf7-validates-as-required\" aria-required=\"true\" aria-invalid=\"false\" value=\"\" type=\"text\" name=\"your-company\" \/><\/span>\n\t<\/p>\n\t<p><span class=\"wpcf7-form-control-wrap\" data-name=\"referer-page\"><input size=\"40\" maxlength=\"400\" class=\"wpcf7-form-control wpcf7-text referer-page\" aria-invalid=\"false\" value=\"\" type=\"text\" name=\"referer-page\" \/><\/span>\n\t<\/p>\n\t<p><input class=\"wpcf7-form-control wpcf7-submit has-spinner\" type=\"submit\" value=\"Send\" \/>\n\t<\/p>\n<\/div><div class=\"wpcf7-form-control-wrap maspik-field\">\n                <label for=\"full-name-maspik-hp\" class=\"wpcf7-form-control-label\">Leave this field empty<\/label>\n                <input size=\"1\" type=\"text\" autocomplete=\"off\" aria-hidden=\"true\" tabindex=\"-1\" name=\"full-name-maspik-hp\" id=\"full-name-maspik-hp\" class=\"wpcf7-form-control wpcf7-text\" placeholder=\"Leave this field empty\">\n            <\/div><div class=\"wpcf7-response-output\" aria-hidden=\"true\"><\/div>\n<\/form>\n<\/div>\n\n","protected":false},"excerpt":{"rendered":"<p>GitLab Enterprise Edition apporte tous les outils n\u00e9cessaires au d\u00e9veloppement moderne dans un interface utilisateur unique. Dans cette d\u00e9monstration vous d\u00e9couvrirez comment GitLab int\u00e8gre le contr\u00f4le de version, la gestion de projet, la r\u00e9vision de code, les tests et le d\u00e9ploiement pour aider les \u00e9quipes d&#8217;entreprise \u00e0 passer plus rapidement de l&#8217;id\u00e9e \u00e0 la production. [&hellip;]<\/p>\n","protected":false},"author":10,"featured_media":0,"parent":0,"menu_order":0,"comment_status":"closed","ping_status":"closed","template":"","meta":{"footnotes":""},"tags":[],"class_list":["post-4157","page","type-page","status-publish","hentry"],"yoast_head":"<!-- This site is optimized with the Yoast SEO plugin v26.7 - https:\/\/yoast.com\/wordpress\/plugins\/seo\/ -->\n<title>Regardez une d\u00e9monstration en direct de GitLab Enterprise Edition - ALMtoolbox News<\/title>\n<meta name=\"robots\" content=\"index, follow, max-snippet:-1, max-image-preview:large, max-video-preview:-1\" \/>\n<link rel=\"canonical\" href=\"https:\/\/www.almtoolbox.com\/blog\/gitlab-enterprise-edition\/\" \/>\n<meta property=\"og:locale\" content=\"en_US\" \/>\n<meta property=\"og:type\" content=\"article\" \/>\n<meta property=\"og:title\" content=\"Regardez une d\u00e9monstration en direct de GitLab Enterprise Edition - ALMtoolbox News\" \/>\n<meta property=\"og:description\" content=\"GitLab Enterprise Edition apporte tous les outils n\u00e9cessaires au d\u00e9veloppement moderne dans un interface utilisateur unique. Dans cette d\u00e9monstration vous d\u00e9couvrirez comment GitLab int\u00e8gre le contr\u00f4le de version, la gestion de projet, la r\u00e9vision de code, les tests et le d\u00e9ploiement pour aider les \u00e9quipes d&#8217;entreprise \u00e0 passer plus rapidement de l&#8217;id\u00e9e \u00e0 la production. [&hellip;]\" \/>\n<meta property=\"og:url\" content=\"https:\/\/www.almtoolbox.com\/blog\/gitlab-enterprise-edition\/\" \/>\n<meta property=\"og:site_name\" content=\"ALMtoolbox News\" \/>\n<meta property=\"article:publisher\" content=\"https:\/\/www.facebook.com\/almtoolbox.israel\/\" \/>\n<meta property=\"article:modified_time\" content=\"2020-10-08T12:50:05+00:00\" \/>\n<meta property=\"og:image\" content=\"https:\/\/www.almtoolbox.com\/blog\/wp-content\/uploads\/\/2017\/11\/gitlab-ee-demo-fr.jpg\" \/>\n<meta name=\"twitter:card\" content=\"summary_large_image\" \/>\n<meta name=\"twitter:label1\" content=\"Est. reading time\" \/>\n\t<meta name=\"twitter:data1\" content=\"1 minute\" \/>\n<script type=\"application\/ld+json\" class=\"yoast-schema-graph\">{\"@context\":\"https:\/\/schema.org\",\"@graph\":[{\"@type\":\"WebPage\",\"@id\":\"https:\/\/www.almtoolbox.com\/blog\/gitlab-enterprise-edition\/\",\"url\":\"https:\/\/www.almtoolbox.com\/blog\/gitlab-enterprise-edition\/\",\"name\":\"Regardez une d\u00e9monstration en direct de GitLab Enterprise Edition - ALMtoolbox News\",\"isPartOf\":{\"@id\":\"https:\/\/www.almtoolbox.com\/blog\/#website\"},\"primaryImageOfPage\":{\"@id\":\"https:\/\/www.almtoolbox.com\/blog\/gitlab-enterprise-edition\/#primaryimage\"},\"image\":{\"@id\":\"https:\/\/www.almtoolbox.com\/blog\/gitlab-enterprise-edition\/#primaryimage\"},\"thumbnailUrl\":\"https:\/\/www.almtoolbox.com\/blog\/wp-content\/uploads\/\/2017\/11\/gitlab-ee-demo-fr.jpg\",\"datePublished\":\"2017-11-30T06:43:31+00:00\",\"dateModified\":\"2020-10-08T12:50:05+00:00\",\"breadcrumb\":{\"@id\":\"https:\/\/www.almtoolbox.com\/blog\/gitlab-enterprise-edition\/#breadcrumb\"},\"inLanguage\":\"en-US\",\"potentialAction\":[{\"@type\":\"ReadAction\",\"target\":[\"https:\/\/www.almtoolbox.com\/blog\/gitlab-enterprise-edition\/\"]}]},{\"@type\":\"ImageObject\",\"inLanguage\":\"en-US\",\"@id\":\"https:\/\/www.almtoolbox.com\/blog\/gitlab-enterprise-edition\/#primaryimage\",\"url\":\"https:\/\/www.almtoolbox.com\/blog\/wp-content\/uploads\/\/2017\/11\/gitlab-ee-demo-fr.jpg\",\"contentUrl\":\"https:\/\/www.almtoolbox.com\/blog\/wp-content\/uploads\/\/2017\/11\/gitlab-ee-demo-fr.jpg\",\"width\":705,\"height\":396,\"caption\":\"gitlab-ee-demo-fr\"},{\"@type\":\"BreadcrumbList\",\"@id\":\"https:\/\/www.almtoolbox.com\/blog\/gitlab-enterprise-edition\/#breadcrumb\",\"itemListElement\":[{\"@type\":\"ListItem\",\"position\":1,\"name\":\"Home\",\"item\":\"https:\/\/www.almtoolbox.com\/blog\/\"},{\"@type\":\"ListItem\",\"position\":2,\"name\":\"Regardez une d\u00e9monstration en direct de GitLab Enterprise Edition\"}]},{\"@type\":\"WebSite\",\"@id\":\"https:\/\/www.almtoolbox.com\/blog\/#website\",\"url\":\"https:\/\/www.almtoolbox.com\/blog\/\",\"name\":\"ALMtoolbox News\",\"description\":\"All the news of ALMtoolbox\",\"publisher\":{\"@id\":\"https:\/\/www.almtoolbox.com\/blog\/#organization\"},\"potentialAction\":[{\"@type\":\"SearchAction\",\"target\":{\"@type\":\"EntryPoint\",\"urlTemplate\":\"https:\/\/www.almtoolbox.com\/blog\/?s={search_term_string}\"},\"query-input\":{\"@type\":\"PropertyValueSpecification\",\"valueRequired\":true,\"valueName\":\"search_term_string\"}}],\"inLanguage\":\"en-US\"},{\"@type\":\"Organization\",\"@id\":\"https:\/\/www.almtoolbox.com\/blog\/#organization\",\"name\":\"ALMtoolbox\",\"url\":\"https:\/\/www.almtoolbox.com\/blog\/\",\"logo\":{\"@type\":\"ImageObject\",\"inLanguage\":\"en-US\",\"@id\":\"https:\/\/www.almtoolbox.com\/blog\/#\/schema\/logo\/image\/\",\"url\":\"https:\/\/www.almtoolbox.com\/blog\/wp-content\/uploads\/\/2015\/10\/logo.png\",\"contentUrl\":\"https:\/\/www.almtoolbox.com\/blog\/wp-content\/uploads\/\/2015\/10\/logo.png\",\"width\":410,\"height\":190,\"caption\":\"ALMtoolbox\"},\"image\":{\"@id\":\"https:\/\/www.almtoolbox.com\/blog\/#\/schema\/logo\/image\/\"},\"sameAs\":[\"https:\/\/www.facebook.com\/almtoolbox.israel\/\",\"https:\/\/www.linkedin.com\/company\/almtoolbox\/\",\"https:\/\/www.youtube.com\/user\/GoMidjets\"]}]}<\/script>\n<!-- \/ Yoast SEO plugin. -->","yoast_head_json":{"title":"Regardez une d\u00e9monstration en direct de GitLab Enterprise Edition - ALMtoolbox News","robots":{"index":"index","follow":"follow","max-snippet":"max-snippet:-1","max-image-preview":"max-image-preview:large","max-video-preview":"max-video-preview:-1"},"canonical":"https:\/\/www.almtoolbox.com\/blog\/gitlab-enterprise-edition\/","og_locale":"en_US","og_type":"article","og_title":"Regardez une d\u00e9monstration en direct de GitLab Enterprise Edition - ALMtoolbox News","og_description":"GitLab Enterprise Edition apporte tous les outils n\u00e9cessaires au d\u00e9veloppement moderne dans un interface utilisateur unique. Dans cette d\u00e9monstration vous d\u00e9couvrirez comment GitLab int\u00e8gre le contr\u00f4le de version, la gestion de projet, la r\u00e9vision de code, les tests et le d\u00e9ploiement pour aider les \u00e9quipes d&#8217;entreprise \u00e0 passer plus rapidement de l&#8217;id\u00e9e \u00e0 la production. [&hellip;]","og_url":"https:\/\/www.almtoolbox.com\/blog\/gitlab-enterprise-edition\/","og_site_name":"ALMtoolbox News","article_publisher":"https:\/\/www.facebook.com\/almtoolbox.israel\/","article_modified_time":"2020-10-08T12:50:05+00:00","og_image":[{"url":"https:\/\/www.almtoolbox.com\/blog\/wp-content\/uploads\/\/2017\/11\/gitlab-ee-demo-fr.jpg","type":"","width":"","height":""}],"twitter_card":"summary_large_image","twitter_misc":{"Est. reading time":"1 minute"},"schema":{"@context":"https:\/\/schema.org","@graph":[{"@type":"WebPage","@id":"https:\/\/www.almtoolbox.com\/blog\/gitlab-enterprise-edition\/","url":"https:\/\/www.almtoolbox.com\/blog\/gitlab-enterprise-edition\/","name":"Regardez une d\u00e9monstration en direct de GitLab Enterprise Edition - ALMtoolbox News","isPartOf":{"@id":"https:\/\/www.almtoolbox.com\/blog\/#website"},"primaryImageOfPage":{"@id":"https:\/\/www.almtoolbox.com\/blog\/gitlab-enterprise-edition\/#primaryimage"},"image":{"@id":"https:\/\/www.almtoolbox.com\/blog\/gitlab-enterprise-edition\/#primaryimage"},"thumbnailUrl":"https:\/\/www.almtoolbox.com\/blog\/wp-content\/uploads\/\/2017\/11\/gitlab-ee-demo-fr.jpg","datePublished":"2017-11-30T06:43:31+00:00","dateModified":"2020-10-08T12:50:05+00:00","breadcrumb":{"@id":"https:\/\/www.almtoolbox.com\/blog\/gitlab-enterprise-edition\/#breadcrumb"},"inLanguage":"en-US","potentialAction":[{"@type":"ReadAction","target":["https:\/\/www.almtoolbox.com\/blog\/gitlab-enterprise-edition\/"]}]},{"@type":"ImageObject","inLanguage":"en-US","@id":"https:\/\/www.almtoolbox.com\/blog\/gitlab-enterprise-edition\/#primaryimage","url":"https:\/\/www.almtoolbox.com\/blog\/wp-content\/uploads\/\/2017\/11\/gitlab-ee-demo-fr.jpg","contentUrl":"https:\/\/www.almtoolbox.com\/blog\/wp-content\/uploads\/\/2017\/11\/gitlab-ee-demo-fr.jpg","width":705,"height":396,"caption":"gitlab-ee-demo-fr"},{"@type":"BreadcrumbList","@id":"https:\/\/www.almtoolbox.com\/blog\/gitlab-enterprise-edition\/#breadcrumb","itemListElement":[{"@type":"ListItem","position":1,"name":"Home","item":"https:\/\/www.almtoolbox.com\/blog\/"},{"@type":"ListItem","position":2,"name":"Regardez une d\u00e9monstration en direct de GitLab Enterprise Edition"}]},{"@type":"WebSite","@id":"https:\/\/www.almtoolbox.com\/blog\/#website","url":"https:\/\/www.almtoolbox.com\/blog\/","name":"ALMtoolbox News","description":"All the news of ALMtoolbox","publisher":{"@id":"https:\/\/www.almtoolbox.com\/blog\/#organization"},"potentialAction":[{"@type":"SearchAction","target":{"@type":"EntryPoint","urlTemplate":"https:\/\/www.almtoolbox.com\/blog\/?s={search_term_string}"},"query-input":{"@type":"PropertyValueSpecification","valueRequired":true,"valueName":"search_term_string"}}],"inLanguage":"en-US"},{"@type":"Organization","@id":"https:\/\/www.almtoolbox.com\/blog\/#organization","name":"ALMtoolbox","url":"https:\/\/www.almtoolbox.com\/blog\/","logo":{"@type":"ImageObject","inLanguage":"en-US","@id":"https:\/\/www.almtoolbox.com\/blog\/#\/schema\/logo\/image\/","url":"https:\/\/www.almtoolbox.com\/blog\/wp-content\/uploads\/\/2015\/10\/logo.png","contentUrl":"https:\/\/www.almtoolbox.com\/blog\/wp-content\/uploads\/\/2015\/10\/logo.png","width":410,"height":190,"caption":"ALMtoolbox"},"image":{"@id":"https:\/\/www.almtoolbox.com\/blog\/#\/schema\/logo\/image\/"},"sameAs":["https:\/\/www.facebook.com\/almtoolbox.israel\/","https:\/\/www.linkedin.com\/company\/almtoolbox\/","https:\/\/www.youtube.com\/user\/GoMidjets"]}]}},"_links":{"self":[{"href":"https:\/\/www.almtoolbox.com\/blog\/wp-json\/wp\/v2\/pages\/4157","targetHints":{"allow":["GET"]}}],"collection":[{"href":"https:\/\/www.almtoolbox.com\/blog\/wp-json\/wp\/v2\/pages"}],"about":[{"href":"https:\/\/www.almtoolbox.com\/blog\/wp-json\/wp\/v2\/types\/page"}],"author":[{"embeddable":true,"href":"https:\/\/www.almtoolbox.com\/blog\/wp-json\/wp\/v2\/users\/10"}],"replies":[{"embeddable":true,"href":"https:\/\/www.almtoolbox.com\/blog\/wp-json\/wp\/v2\/comments?post=4157"}],"version-history":[{"count":13,"href":"https:\/\/www.almtoolbox.com\/blog\/wp-json\/wp\/v2\/pages\/4157\/revisions"}],"predecessor-version":[{"id":5311,"href":"https:\/\/www.almtoolbox.com\/blog\/wp-json\/wp\/v2\/pages\/4157\/revisions\/5311"}],"wp:attachment":[{"href":"https:\/\/www.almtoolbox.com\/blog\/wp-json\/wp\/v2\/media?parent=4157"}],"wp:term":[{"taxonomy":"post_tag","embeddable":true,"href":"https:\/\/www.almtoolbox.com\/blog\/wp-json\/wp\/v2\/tags?post=4157"}],"curies":[{"name":"wp","href":"https:\/\/api.w.org\/{rel}","templated":true}]}}