{"id":4079,"date":"2017-11-03T14:15:09","date_gmt":"2017-11-03T12:15:09","guid":{"rendered":"https:\/\/www.almtoolbox.com\/blog\/?page_id=4079"},"modified":"2018-06-21T12:49:18","modified_gmt":"2018-06-21T10:49:18","slug":"webinar-meetup-presentation-de-gitlab","status":"publish","type":"page","link":"https:\/\/www.almtoolbox.com\/blog\/webinar-meetup-presentation-de-gitlab\/","title":{"rendered":"Pr\u00e9sentation de GitLab: Visionnez notre premier  Webcast GitLab en fran\u00e7ais (vid\u00e9o + diapositives)"},"content":{"rendered":"<p>Le 16\/11\/17, nous avons enregistr\u00e9 notre premier webcast GitLab en fran\u00e7ais.<\/p>\n<p><img decoding=\"async\" class=\"aligncenter size-full wp-image-4131\" src=\"https:\/\/www.almtoolbox.com\/blog\/wp-content\/uploads\/\/2017\/11\/board-GitLab-fr-linkedin-9h-3.png\" alt=\"GitLab webcast French\" width=\"670\" height=\"382.85\" srcset=\"https:\/\/www.almtoolbox.com\/blog\/wp-content\/uploads\/2017\/11\/board-GitLab-fr-linkedin-9h-3.png 698w, https:\/\/www.almtoolbox.com\/blog\/wp-content\/uploads\/2017\/11\/board-GitLab-fr-linkedin-9h-3-150x86.png 150w, https:\/\/www.almtoolbox.com\/blog\/wp-content\/uploads\/2017\/11\/board-GitLab-fr-linkedin-9h-3-300x172.png 300w\" sizes=\"(max-width: 698px) 100vw, 698px\" \/><\/p>\n<p>Si vous n\u2019avez pas eu l\u2019occasion de vous joindre \u00e0 nous, au cours de ce Webinar<br \/>\nnous avons pr\u00e9sent\u00e9 GitLab et sa r\u00e9ponse apport\u00e9e au cycle de d\u00e9veloppement.<\/p>\n<ul>\n<li>Nous avons donn\u00e9 un aper\u00e7u de GitLab (nous l&#8217;avons expliqu\u00e9 le contr\u00f4le de version, le suivi des probl\u00e8mes, CI \/ CD, la r\u00e9vision de code et de nombreux autres composants)<\/li>\n<li>Puis nous avons pass\u00e9 en revue les diff\u00e9rences entre les \u00e9ditions GitLab (Communaut\u00e9 \/ Entreprise \/ Sur-site \/ Cloud, etc.)<\/li>\n<li>Qu&#8217;est-ce qui rend GitLab si diff\u00e9rent<\/li>\n<li>Enfin au cours de la phase questions et r\u00e9ponses Remy Coutable de la soci\u00e9t\u00e9 GitLab a r\u00e9pondu aux questions qui ont \u00e9t\u00e9 pos\u00e9es par les personnes inscrites:\n<ol>\n<li>Quelle diff\u00e9rence avec GitHub?<\/li>\n<li>Prix, d\u00e9ploiement dans le Cloud etc..<\/li>\n<li>Installer et auto h\u00e9berger sa propre instance personnelle<\/li>\n<li>comment mettre en oeuvre le CI et les contr\u00f4les au commit<\/li>\n<li>Comment avoir un tag quand on build une appli sur une branche pr\u00e9cice ?<\/li>\n<li>A quand des webhook sur les pouces dans les merge request<\/li>\n<\/ol>\n<\/li>\n<\/ul>\n<p><img decoding=\"async\" class=\"aligncenter size-large wp-image-4139\" src=\"https:\/\/www.almtoolbox.com\/blog\/wp-content\/uploads\/\/2017\/11\/gitlab-french-screenshot-1024x574.jpg\" alt=\"GitLab youtube webinar demo\" width=\"670\" height=\"375.56\" srcset=\"https:\/\/www.almtoolbox.com\/blog\/wp-content\/uploads\/2017\/11\/gitlab-french-screenshot-1024x574.jpg 1024w, https:\/\/www.almtoolbox.com\/blog\/wp-content\/uploads\/2017\/11\/gitlab-french-screenshot-150x84.jpg 150w, https:\/\/www.almtoolbox.com\/blog\/wp-content\/uploads\/2017\/11\/gitlab-french-screenshot-300x168.jpg 300w, https:\/\/www.almtoolbox.com\/blog\/wp-content\/uploads\/2017\/11\/gitlab-french-screenshot.jpg 1361w\" sizes=\"(max-width: 1024px) 100vw, 1024px\" \/><\/p>\n<p><strong>Pour regarder la vid\u00e9o et les diapositives, il suffit d&#8217;entrer vos coordonn\u00e9es et vous obtiendrez imm\u00e9diatement des liens vers votre e-mail:<\/strong><\/p>\n\n<div class=\"wpcf7 no-js\" id=\"wpcf7-f4464-o1\" lang=\"en-US\" dir=\"ltr\" data-wpcf7-id=\"4464\">\n<div class=\"screen-reader-response\"><p role=\"status\" aria-live=\"polite\" aria-atomic=\"true\"><\/p> <ul><\/ul><\/div>\n<form action=\"\/blog\/wp-json\/wp\/v2\/pages\/4079#wpcf7-f4464-o1\" method=\"post\" class=\"wpcf7-form init\" aria-label=\"Contact form\" novalidate=\"novalidate\" data-status=\"init\">\n<fieldset class=\"hidden-fields-container\"><input type=\"hidden\" name=\"_wpcf7\" value=\"4464\" \/><input type=\"hidden\" name=\"_wpcf7_version\" value=\"6.1.4\" \/><input type=\"hidden\" name=\"_wpcf7_locale\" value=\"en_US\" \/><input type=\"hidden\" name=\"_wpcf7_unit_tag\" value=\"wpcf7-f4464-o1\" \/><input type=\"hidden\" name=\"_wpcf7_container_post\" value=\"0\" \/><input type=\"hidden\" name=\"_wpcf7_posted_data_hash\" value=\"\" \/>\n<\/fieldset>\n<div class=\"gitlab-form\">\n\t<p>Nom complet*:\n\t<\/p>\n\t<p><span class=\"wpcf7-form-control-wrap\" data-name=\"your-name\"><input size=\"40\" maxlength=\"400\" class=\"wpcf7-form-control wpcf7-text wpcf7-validates-as-required\" aria-required=\"true\" aria-invalid=\"false\" value=\"\" type=\"text\" name=\"your-name\" \/><\/span>\n\t<\/p>\n\t<p>Email*:\n\t<\/p>\n\t<p><span class=\"wpcf7-form-control-wrap\" data-name=\"your-email\"><input size=\"40\" maxlength=\"400\" class=\"wpcf7-form-control wpcf7-email wpcf7-validates-as-required wpcf7-text wpcf7-validates-as-email\" aria-required=\"true\" aria-invalid=\"false\" placeholder=\"Where the recording will be sent to\" value=\"\" type=\"email\" name=\"your-email\" \/><\/span>\n\t<\/p>\n\t<p>Soci\u00e9t\u00e9*:\n\t<\/p>\n\t<p><span class=\"wpcf7-form-control-wrap\" data-name=\"your-company\"><input size=\"40\" maxlength=\"400\" class=\"wpcf7-form-control wpcf7-text wpcf7-validates-as-required\" aria-required=\"true\" aria-invalid=\"false\" value=\"\" type=\"text\" name=\"your-company\" \/><\/span>\n\t<\/p>\n\t<p>Utilisez-vous GitLab?*\n\t<\/p>\n\t<p><span class=\"wpcf7-form-control-wrap\" data-name=\"menu-97\"><select class=\"wpcf7-form-control wpcf7-select wpcf7-validates-as-required\" aria-required=\"true\" aria-invalid=\"false\" name=\"menu-97\"><option value=\"\"><\/option><option value=\"Pas encore, je veux en savoir plus\">Pas encore, je veux en savoir plus<\/option><option value=\"Oui, la version gratuite Community\">Oui, la version gratuite Community<\/option><option value=\"Oui la version Enterprise payante\">Oui la version Enterprise payante<\/option><\/select><\/span>\n\t<\/p>\n\t<p><span class=\"wpcf7-form-control-wrap\" data-name=\"referer-page\"><input size=\"40\" maxlength=\"400\" class=\"wpcf7-form-control wpcf7-text referer-page\" aria-invalid=\"false\" value=\"\" type=\"text\" name=\"referer-page\" \/><\/span>\n\t<\/p>\n\t<p><input class=\"wpcf7-form-control wpcf7-submit has-spinner\" type=\"submit\" value=\"S\u2019inscrire\" \/>\n\t<\/p>\n<\/div><div class=\"wpcf7-form-control-wrap maspik-field\">\n                <label for=\"full-name-maspik-hp\" class=\"wpcf7-form-control-label\">Leave this field empty<\/label>\n                <input size=\"1\" type=\"text\" autocomplete=\"off\" aria-hidden=\"true\" tabindex=\"-1\" name=\"full-name-maspik-hp\" id=\"full-name-maspik-hp\" class=\"wpcf7-form-control wpcf7-text\" placeholder=\"Leave this field empty\">\n            <\/div><div class=\"wpcf7-response-output\" aria-hidden=\"true\"><\/div>\n<\/form>\n<\/div>\n\n","protected":false},"excerpt":{"rendered":"<p>Le 16\/11\/17, nous avons enregistr\u00e9 notre premier webcast GitLab en fran\u00e7ais. Si vous n\u2019avez pas eu l\u2019occasion de vous joindre \u00e0 nous, au cours de ce Webinar nous avons pr\u00e9sent\u00e9 GitLab et sa r\u00e9ponse apport\u00e9e au cycle de d\u00e9veloppement. Nous avons donn\u00e9 un aper\u00e7u de GitLab (nous l&#8217;avons expliqu\u00e9 le contr\u00f4le de version, le suivi [&hellip;]<\/p>\n","protected":false},"author":10,"featured_media":0,"parent":0,"menu_order":0,"comment_status":"closed","ping_status":"closed","template":"","meta":{"footnotes":""},"tags":[],"class_list":["post-4079","page","type-page","status-publish","hentry"],"yoast_head":"<!-- This site is optimized with the Yoast SEO plugin v26.7 - https:\/\/yoast.com\/wordpress\/plugins\/seo\/ -->\n<title>Pr\u00e9sentation de GitLab: Visionnez notre premier Webcast GitLab en fran\u00e7ais (vid\u00e9o + diapositives) - ALMtoolbox News<\/title>\n<meta name=\"robots\" content=\"index, follow, max-snippet:-1, max-image-preview:large, max-video-preview:-1\" \/>\n<link rel=\"canonical\" href=\"https:\/\/www.almtoolbox.com\/blog\/webinar-meetup-presentation-de-gitlab\/\" \/>\n<meta property=\"og:locale\" content=\"en_US\" \/>\n<meta property=\"og:type\" content=\"article\" \/>\n<meta property=\"og:title\" content=\"Pr\u00e9sentation de GitLab: Visionnez notre premier Webcast GitLab en fran\u00e7ais (vid\u00e9o + diapositives) - ALMtoolbox News\" \/>\n<meta property=\"og:description\" content=\"Le 16\/11\/17, nous avons enregistr\u00e9 notre premier webcast GitLab en fran\u00e7ais. Si vous n\u2019avez pas eu l\u2019occasion de vous joindre \u00e0 nous, au cours de ce Webinar nous avons pr\u00e9sent\u00e9 GitLab et sa r\u00e9ponse apport\u00e9e au cycle de d\u00e9veloppement. Nous avons donn\u00e9 un aper\u00e7u de GitLab (nous l&#8217;avons expliqu\u00e9 le contr\u00f4le de version, le suivi [&hellip;]\" \/>\n<meta property=\"og:url\" content=\"https:\/\/www.almtoolbox.com\/blog\/webinar-meetup-presentation-de-gitlab\/\" \/>\n<meta property=\"og:site_name\" content=\"ALMtoolbox News\" \/>\n<meta property=\"article:publisher\" content=\"https:\/\/www.facebook.com\/almtoolbox.israel\/\" \/>\n<meta property=\"article:modified_time\" content=\"2018-06-21T10:49:18+00:00\" \/>\n<meta property=\"og:image\" content=\"https:\/\/www.almtoolbox.com\/blog\/wp-content\/uploads\/\/2017\/11\/board-GitLab-fr-linkedin-9h-3.png\" \/>\n<meta name=\"twitter:card\" content=\"summary_large_image\" \/>\n<meta name=\"twitter:label1\" content=\"Est. reading time\" \/>\n\t<meta name=\"twitter:data1\" content=\"1 minute\" \/>\n<script type=\"application\/ld+json\" class=\"yoast-schema-graph\">{\"@context\":\"https:\/\/schema.org\",\"@graph\":[{\"@type\":\"WebPage\",\"@id\":\"https:\/\/www.almtoolbox.com\/blog\/webinar-meetup-presentation-de-gitlab\/\",\"url\":\"https:\/\/www.almtoolbox.com\/blog\/webinar-meetup-presentation-de-gitlab\/\",\"name\":\"Pr\u00e9sentation de GitLab: Visionnez notre premier Webcast GitLab en fran\u00e7ais (vid\u00e9o + diapositives) - ALMtoolbox News\",\"isPartOf\":{\"@id\":\"https:\/\/www.almtoolbox.com\/blog\/#website\"},\"primaryImageOfPage\":{\"@id\":\"https:\/\/www.almtoolbox.com\/blog\/webinar-meetup-presentation-de-gitlab\/#primaryimage\"},\"image\":{\"@id\":\"https:\/\/www.almtoolbox.com\/blog\/webinar-meetup-presentation-de-gitlab\/#primaryimage\"},\"thumbnailUrl\":\"https:\/\/www.almtoolbox.com\/blog\/wp-content\/uploads\/\/2017\/11\/board-GitLab-fr-linkedin-9h-3.png\",\"datePublished\":\"2017-11-03T12:15:09+00:00\",\"dateModified\":\"2018-06-21T10:49:18+00:00\",\"breadcrumb\":{\"@id\":\"https:\/\/www.almtoolbox.com\/blog\/webinar-meetup-presentation-de-gitlab\/#breadcrumb\"},\"inLanguage\":\"en-US\",\"potentialAction\":[{\"@type\":\"ReadAction\",\"target\":[\"https:\/\/www.almtoolbox.com\/blog\/webinar-meetup-presentation-de-gitlab\/\"]}]},{\"@type\":\"ImageObject\",\"inLanguage\":\"en-US\",\"@id\":\"https:\/\/www.almtoolbox.com\/blog\/webinar-meetup-presentation-de-gitlab\/#primaryimage\",\"url\":\"https:\/\/www.almtoolbox.com\/blog\/wp-content\/uploads\/\/2017\/11\/board-GitLab-fr-linkedin-9h-3.png\",\"contentUrl\":\"https:\/\/www.almtoolbox.com\/blog\/wp-content\/uploads\/\/2017\/11\/board-GitLab-fr-linkedin-9h-3.png\",\"width\":698,\"height\":400,\"caption\":\"GitLab webcast French\"},{\"@type\":\"BreadcrumbList\",\"@id\":\"https:\/\/www.almtoolbox.com\/blog\/webinar-meetup-presentation-de-gitlab\/#breadcrumb\",\"itemListElement\":[{\"@type\":\"ListItem\",\"position\":1,\"name\":\"Home\",\"item\":\"https:\/\/www.almtoolbox.com\/blog\/\"},{\"@type\":\"ListItem\",\"position\":2,\"name\":\"Pr\u00e9sentation de GitLab: Visionnez notre premier Webcast GitLab en fran\u00e7ais (vid\u00e9o + diapositives)\"}]},{\"@type\":\"WebSite\",\"@id\":\"https:\/\/www.almtoolbox.com\/blog\/#website\",\"url\":\"https:\/\/www.almtoolbox.com\/blog\/\",\"name\":\"ALMtoolbox News\",\"description\":\"All the news of ALMtoolbox\",\"publisher\":{\"@id\":\"https:\/\/www.almtoolbox.com\/blog\/#organization\"},\"potentialAction\":[{\"@type\":\"SearchAction\",\"target\":{\"@type\":\"EntryPoint\",\"urlTemplate\":\"https:\/\/www.almtoolbox.com\/blog\/?s={search_term_string}\"},\"query-input\":{\"@type\":\"PropertyValueSpecification\",\"valueRequired\":true,\"valueName\":\"search_term_string\"}}],\"inLanguage\":\"en-US\"},{\"@type\":\"Organization\",\"@id\":\"https:\/\/www.almtoolbox.com\/blog\/#organization\",\"name\":\"ALMtoolbox\",\"url\":\"https:\/\/www.almtoolbox.com\/blog\/\",\"logo\":{\"@type\":\"ImageObject\",\"inLanguage\":\"en-US\",\"@id\":\"https:\/\/www.almtoolbox.com\/blog\/#\/schema\/logo\/image\/\",\"url\":\"https:\/\/www.almtoolbox.com\/blog\/wp-content\/uploads\/\/2015\/10\/logo.png\",\"contentUrl\":\"https:\/\/www.almtoolbox.com\/blog\/wp-content\/uploads\/\/2015\/10\/logo.png\",\"width\":410,\"height\":190,\"caption\":\"ALMtoolbox\"},\"image\":{\"@id\":\"https:\/\/www.almtoolbox.com\/blog\/#\/schema\/logo\/image\/\"},\"sameAs\":[\"https:\/\/www.facebook.com\/almtoolbox.israel\/\",\"https:\/\/www.linkedin.com\/company\/almtoolbox\/\",\"https:\/\/www.youtube.com\/user\/GoMidjets\"]}]}<\/script>\n<!-- \/ Yoast SEO plugin. -->","yoast_head_json":{"title":"Pr\u00e9sentation de GitLab: Visionnez notre premier Webcast GitLab en fran\u00e7ais (vid\u00e9o + diapositives) - ALMtoolbox News","robots":{"index":"index","follow":"follow","max-snippet":"max-snippet:-1","max-image-preview":"max-image-preview:large","max-video-preview":"max-video-preview:-1"},"canonical":"https:\/\/www.almtoolbox.com\/blog\/webinar-meetup-presentation-de-gitlab\/","og_locale":"en_US","og_type":"article","og_title":"Pr\u00e9sentation de GitLab: Visionnez notre premier Webcast GitLab en fran\u00e7ais (vid\u00e9o + diapositives) - ALMtoolbox News","og_description":"Le 16\/11\/17, nous avons enregistr\u00e9 notre premier webcast GitLab en fran\u00e7ais. Si vous n\u2019avez pas eu l\u2019occasion de vous joindre \u00e0 nous, au cours de ce Webinar nous avons pr\u00e9sent\u00e9 GitLab et sa r\u00e9ponse apport\u00e9e au cycle de d\u00e9veloppement. Nous avons donn\u00e9 un aper\u00e7u de GitLab (nous l&#8217;avons expliqu\u00e9 le contr\u00f4le de version, le suivi [&hellip;]","og_url":"https:\/\/www.almtoolbox.com\/blog\/webinar-meetup-presentation-de-gitlab\/","og_site_name":"ALMtoolbox News","article_publisher":"https:\/\/www.facebook.com\/almtoolbox.israel\/","article_modified_time":"2018-06-21T10:49:18+00:00","og_image":[{"url":"https:\/\/www.almtoolbox.com\/blog\/wp-content\/uploads\/\/2017\/11\/board-GitLab-fr-linkedin-9h-3.png","type":"","width":"","height":""}],"twitter_card":"summary_large_image","twitter_misc":{"Est. reading time":"1 minute"},"schema":{"@context":"https:\/\/schema.org","@graph":[{"@type":"WebPage","@id":"https:\/\/www.almtoolbox.com\/blog\/webinar-meetup-presentation-de-gitlab\/","url":"https:\/\/www.almtoolbox.com\/blog\/webinar-meetup-presentation-de-gitlab\/","name":"Pr\u00e9sentation de GitLab: Visionnez notre premier Webcast GitLab en fran\u00e7ais (vid\u00e9o + diapositives) - ALMtoolbox News","isPartOf":{"@id":"https:\/\/www.almtoolbox.com\/blog\/#website"},"primaryImageOfPage":{"@id":"https:\/\/www.almtoolbox.com\/blog\/webinar-meetup-presentation-de-gitlab\/#primaryimage"},"image":{"@id":"https:\/\/www.almtoolbox.com\/blog\/webinar-meetup-presentation-de-gitlab\/#primaryimage"},"thumbnailUrl":"https:\/\/www.almtoolbox.com\/blog\/wp-content\/uploads\/\/2017\/11\/board-GitLab-fr-linkedin-9h-3.png","datePublished":"2017-11-03T12:15:09+00:00","dateModified":"2018-06-21T10:49:18+00:00","breadcrumb":{"@id":"https:\/\/www.almtoolbox.com\/blog\/webinar-meetup-presentation-de-gitlab\/#breadcrumb"},"inLanguage":"en-US","potentialAction":[{"@type":"ReadAction","target":["https:\/\/www.almtoolbox.com\/blog\/webinar-meetup-presentation-de-gitlab\/"]}]},{"@type":"ImageObject","inLanguage":"en-US","@id":"https:\/\/www.almtoolbox.com\/blog\/webinar-meetup-presentation-de-gitlab\/#primaryimage","url":"https:\/\/www.almtoolbox.com\/blog\/wp-content\/uploads\/\/2017\/11\/board-GitLab-fr-linkedin-9h-3.png","contentUrl":"https:\/\/www.almtoolbox.com\/blog\/wp-content\/uploads\/\/2017\/11\/board-GitLab-fr-linkedin-9h-3.png","width":698,"height":400,"caption":"GitLab webcast French"},{"@type":"BreadcrumbList","@id":"https:\/\/www.almtoolbox.com\/blog\/webinar-meetup-presentation-de-gitlab\/#breadcrumb","itemListElement":[{"@type":"ListItem","position":1,"name":"Home","item":"https:\/\/www.almtoolbox.com\/blog\/"},{"@type":"ListItem","position":2,"name":"Pr\u00e9sentation de GitLab: Visionnez notre premier Webcast GitLab en fran\u00e7ais (vid\u00e9o + diapositives)"}]},{"@type":"WebSite","@id":"https:\/\/www.almtoolbox.com\/blog\/#website","url":"https:\/\/www.almtoolbox.com\/blog\/","name":"ALMtoolbox News","description":"All the news of ALMtoolbox","publisher":{"@id":"https:\/\/www.almtoolbox.com\/blog\/#organization"},"potentialAction":[{"@type":"SearchAction","target":{"@type":"EntryPoint","urlTemplate":"https:\/\/www.almtoolbox.com\/blog\/?s={search_term_string}"},"query-input":{"@type":"PropertyValueSpecification","valueRequired":true,"valueName":"search_term_string"}}],"inLanguage":"en-US"},{"@type":"Organization","@id":"https:\/\/www.almtoolbox.com\/blog\/#organization","name":"ALMtoolbox","url":"https:\/\/www.almtoolbox.com\/blog\/","logo":{"@type":"ImageObject","inLanguage":"en-US","@id":"https:\/\/www.almtoolbox.com\/blog\/#\/schema\/logo\/image\/","url":"https:\/\/www.almtoolbox.com\/blog\/wp-content\/uploads\/\/2015\/10\/logo.png","contentUrl":"https:\/\/www.almtoolbox.com\/blog\/wp-content\/uploads\/\/2015\/10\/logo.png","width":410,"height":190,"caption":"ALMtoolbox"},"image":{"@id":"https:\/\/www.almtoolbox.com\/blog\/#\/schema\/logo\/image\/"},"sameAs":["https:\/\/www.facebook.com\/almtoolbox.israel\/","https:\/\/www.linkedin.com\/company\/almtoolbox\/","https:\/\/www.youtube.com\/user\/GoMidjets"]}]}},"_links":{"self":[{"href":"https:\/\/www.almtoolbox.com\/blog\/wp-json\/wp\/v2\/pages\/4079","targetHints":{"allow":["GET"]}}],"collection":[{"href":"https:\/\/www.almtoolbox.com\/blog\/wp-json\/wp\/v2\/pages"}],"about":[{"href":"https:\/\/www.almtoolbox.com\/blog\/wp-json\/wp\/v2\/types\/page"}],"author":[{"embeddable":true,"href":"https:\/\/www.almtoolbox.com\/blog\/wp-json\/wp\/v2\/users\/10"}],"replies":[{"embeddable":true,"href":"https:\/\/www.almtoolbox.com\/blog\/wp-json\/wp\/v2\/comments?post=4079"}],"version-history":[{"count":8,"href":"https:\/\/www.almtoolbox.com\/blog\/wp-json\/wp\/v2\/pages\/4079\/revisions"}],"predecessor-version":[{"id":4465,"href":"https:\/\/www.almtoolbox.com\/blog\/wp-json\/wp\/v2\/pages\/4079\/revisions\/4465"}],"wp:attachment":[{"href":"https:\/\/www.almtoolbox.com\/blog\/wp-json\/wp\/v2\/media?parent=4079"}],"wp:term":[{"taxonomy":"post_tag","embeddable":true,"href":"https:\/\/www.almtoolbox.com\/blog\/wp-json\/wp\/v2\/tags?post=4079"}],"curies":[{"name":"wp","href":"https:\/\/api.w.org\/{rel}","templated":true}]}}